{"id":31,"date":"2016-07-01T15:44:54","date_gmt":"2016-07-01T13:44:54","guid":{"rendered":"https:\/\/dden33.org\/arcachon-nord\/?page_id=31"},"modified":"2026-04-22T08:11:37","modified_gmt":"2026-04-22T06:11:37","slug":"dden","status":"publish","type":"page","link":"https:\/\/dden33.org\/arcachon-nord\/dden\/","title":{"rendered":"DDEN"},"content":{"rendered":"\n\n\n<p>Dans ce tableau, vous pouvez lire pour chaque commune de la d\u00e9l\u00e9gation (Circonscription de l&rsquo;IEN), le nom des \u00e9coles, le nom du DDEN ou de la DDEN. La derni\u00e8re colonne mentionne si le DDEN est adh\u00e9rent de l&rsquo;UNION DDEN33. <strong><span style=\"color: #ff6600\">Adh.<\/span> <\/strong>signifie qu&rsquo;il est adh\u00e9rent en 2024, <strong><span style=\"color: #0000ff\">Adh.<\/span><\/strong> indique qu&rsquo;il est adh\u00e9rent en 2025. <strong><span style=\"color: #008000\">Adh. <\/span><\/strong><span style=\"color: #000000\">pour l&rsquo;adh\u00e9sion 2026. <\/span>Nous vous invitons \u00e0 adh\u00e9rer vous aussi \u00e0 l&rsquo;UNION 33. Remplir la fiche d&rsquo;adh\u00e9sion <a href=\"https:\/\/dden33.org\/arcachon-nord\/wp-content\/uploads\/sites\/5\/2024\/12\/appel-Cotisation-2025.pdf\"><span style=\"color: #0000ff\">en cliquant ICI.\u00a0<\/span><\/a><\/p>\n<p><strong><span style=\"color: #0000ff\">Tableau mis \u00e0 jour le 22 Avril 2026.<\/span><\/strong><\/p>\n\n\n<table style=\"width: 123.975%;height: 1029px\" width=\"620\">\n<tbody>\n<tr style=\"background-color: #0070f7\">\n<td style=\"text-align: center;width: 22.381%;height: 41px\" width=\"170\"><span style=\"color: #ffffff\"><strong>COMMUNE<\/strong><\/span><\/td>\n<td style=\"text-align: center;width: 19.2176%;height: 41px\" width=\"111\"><span style=\"color: #ffffff\"><strong>NOM ECOLE<\/strong><\/span><\/td>\n<td style=\"text-align: center;width: 7.32172%;height: 41px\" width=\"37\"><span style=\"color: #ffffff\"><strong>TYPE<\/strong><\/span><\/td>\n<td style=\"text-align: center;width: 7.97271%;height: 41px\" width=\"45\"><span style=\"color: #ffffff\"><strong>Civilit\u00e9<\/strong><\/span><\/td>\n<td style=\"text-align: center;width: 17.9297%;height: 41px\" width=\"124\"><span style=\"color: #ffffff\"><strong>NOM<\/strong><\/span><\/td>\n<td style=\"text-align: center;width: 12.1155%;height: 41px\" width=\"100\"><span style=\"color: #ffffff\"><strong>PRENOM<\/strong><\/span><\/td>\n<td style=\"text-align: center;width: 23.7632%;height: 41px\"><span style=\"color: #ffffff\"><strong>ADHESIONS\u00a0<\/strong><\/span><\/td>\n<\/tr>\n<tr style=\"height: 41px\">\n<td style=\"text-align: center;width: 22.381%;height: 41px;background-color: #ffffff\"><span style=\"background-color: #ffffff\">Andernos<\/span><\/td>\n<td style=\"text-align: center;width: 19.2176%;height: 41px;background-color: #ffffff\"><span style=\"background-color: #ffffff\">Betey<\/span><\/td>\n<td style=\"text-align: center;width: 7.32172%;height: 41px;background-color: #ffffff\"><span style=\"background-color: #ffffff\">P<\/span><\/td>\n<td style=\"width: 7.97271%;height: 41px;text-align: center;background-color: #ffffff\"><strong><span style=\"background-color: #ffffff\">M.<\/span><\/strong><\/td>\n<td style=\"width: 17.9297%;height: 41px;text-align: center;background-color: #ffffff\"><strong><span style=\"background-color: #ffffff\">BONNEFONT<\/span><\/strong><\/td>\n<td style=\"width: 12.1155%;height: 41px;text-align: center;background-color: #ffffff\"><strong><span style=\"background-color: #ffffff\">Bruno<\/span><\/strong><\/td>\n<td style=\"width: 23.7632%;text-align: center;background-color: #ffffff;height: 41px\"><span style=\"color: #ff6600\"><strong><span style=\"background-color: #ffffff\">Adh.\u00a0 <span style=\"color: #0000ff\">Adh. <span style=\"color: #008000\">Adh.<\/span><\/span><\/span><\/strong><\/span><\/td>\n<\/tr>\n<tr style=\"height: 41px\">\n<td style=\"text-align: center;width: 22.381%;height: 41px\">Andernos<\/td>\n<td style=\"text-align: center;width: 19.2176%;height: 41px\">Capsus<\/td>\n<td style=\"text-align: center;width: 7.32172%;height: 41px\">M<\/td>\n<td style=\"width: 7.97271%;height: 41px;text-align: center\"><strong>Mme<\/strong><\/td>\n<td style=\"width: 17.9297%;height: 41px;text-align: center\"><strong>DEMANES<\/strong><\/td>\n<td style=\"width: 12.1155%;height: 41px;text-align: center\"><strong>Martine<\/strong><\/td>\n<td style=\"width: 23.7632%;text-align: center;height: 41px\"><span style=\"color: #ff6600\"><strong>Adh <span style=\"background-color: #ffffff\"> <span style=\"color: #0000ff\">Adh.<\/span><\/span><\/strong><\/span><\/td>\n<\/tr>\n<tr style=\"height: 41px\">\n<td style=\"width: 22.381%;height: 10px;text-align: center\">Andernos<\/td>\n<td style=\"text-align: center;width: 19.2176%;height: 10px\">Capsus<\/td>\n<td style=\"text-align: center;width: 7.32172%;height: 10px\">E<\/td>\n<td style=\"width: 7.97271%;height: 10px;text-align: center\"><strong>M.<\/strong><\/td>\n<td style=\"width: 17.9297%;height: 10px;text-align: center\"><strong>LAINE<\/strong><\/td>\n<td style=\"width: 12.1155%;height: 10px;text-align: center\"><strong>Jean-Daniel<\/strong><\/td>\n<td style=\"width: 23.7632%;text-align: center;height: 10px\">\u00a0<\/td>\n<\/tr>\n<tr style=\"height: 27px\">\n<td style=\"text-align: center;width: 22.381%;background-color: #ffffff;height: 27px\">Andernos<\/td>\n<td style=\"text-align: center;width: 19.2176%;background-color: #ffffff;height: 27px\">Jules Ferry<\/td>\n<td style=\"text-align: center;width: 7.32172%;background-color: #ffffff;height: 27px\">E<\/td>\n<td style=\"width: 7.97271%;text-align: center;background-color: #ffffff;height: 27px\"><strong>M.<\/strong><\/td>\n<td style=\"width: 17.9297%;text-align: center;background-color: #ffffff;height: 27px\"><strong>BONNEFONT<\/strong><\/td>\n<td style=\"width: 12.1155%;text-align: center;background-color: #ffffff;height: 27px\"><strong>Bruno<\/strong><\/td>\n<td style=\"width: 23.7632%;text-align: center;background-color: #ffffff;height: 27px\"><span style=\"color: #ff6600\"><strong>Adh. <span style=\"background-color: #ffffff\"> <span style=\"color: #0000ff\">Adh. <span style=\"color: #008000\">Adh.<\/span><\/span><\/span><\/strong><\/span><\/td>\n<\/tr>\n<tr style=\"height: 41px;background-color: #faf7f7\">\n<td style=\"text-align: center;width: 22.381%;height: 41px;background-color: #ffffff\"><code>Andernos<\/code><\/td>\n<td style=\"text-align: center;width: 19.2176%;height: 41px;background-color: #ffffff\">Le Coulin<\/td>\n<td style=\"text-align: center;width: 7.32172%;height: 41px;background-color: #ffffff\">M<\/td>\n<td style=\"width: 7.97271%;height: 41px;text-align: center;background-color: #ffffff\"><strong>Mme<\/strong><\/td>\n<td style=\"width: 17.9297%;height: 41px;text-align: center;background-color: #ffffff\"><strong>CHARPENTIER<\/strong><\/td>\n<td style=\"width: 12.1155%;height: 41px;text-align: center;background-color: #ffffff\"><strong>Evelyne<\/strong><\/td>\n<td style=\"width: 23.7632%;text-align: center;background-color: #ffffff;height: 41px\"><span style=\"color: #ff6600\"><strong><span style=\"background-color: #ffffff\"> <span style=\"color: #0000ff\">Adh.<\/span><\/span><\/strong><\/span><\/td>\n<\/tr>\n<tr style=\"height: 41px\">\n<td style=\"text-align: center;width: 22.381%;height: 41px\">Ar\u00e8s<\/td>\n<td style=\"text-align: center;width: 19.2176%;height: 41px\">Bordes Sue<\/td>\n<td style=\"text-align: center;width: 7.32172%;height: 41px\">M<\/td>\n<td style=\"width: 7.97271%;height: 41px;text-align: center\"><strong>M.<\/strong><\/td>\n<td style=\"width: 17.9297%;height: 41px;text-align: center\"><strong>RODRIGUEZ<\/strong><\/td>\n<td style=\"width: 12.1155%;height: 41px;text-align: center\"><strong>Claude<\/strong><\/td>\n<td style=\"width: 23.7632%;text-align: center;height: 41px\">\u00a0<\/td>\n<\/tr>\n<tr style=\"height: 41px\">\n<td style=\"text-align: center;width: 22.381%;height: 41px\">Ar\u00e8s<\/td>\n<td style=\"text-align: center;width: 19.2176%;height: 41px\">Bordes Sue<\/td>\n<td style=\"text-align: center;width: 7.32172%;height: 41px\">E<\/td>\n<td style=\"width: 7.97271%;height: 41px;text-align: center\"><strong>M.<\/strong><\/td>\n<td style=\"width: 17.9297%;height: 41px;text-align: center\"><strong>RODRIGUEZ<\/strong><\/td>\n<td style=\"width: 12.1155%;height: 41px;text-align: center\"><strong>Claude<\/strong><\/td>\n<td style=\"width: 23.7632%;text-align: center;height: 41px\">\u00a0<\/td>\n<\/tr>\n<tr style=\"background-color: #ffffff\">\n<td style=\"text-align: center;width: 22.381%;height: 41px\">Audenge<\/td>\n<td style=\"text-align: center;width: 19.2176%;height: 41px\">E. et R. BADINTER<\/td>\n<td style=\"text-align: center;width: 7.32172%;height: 41px\">M<\/td>\n<td style=\"width: 7.97271%;height: 41px;text-align: center\"><strong>Mme<\/strong><\/td>\n<td style=\"width: 17.9297%;height: 41px;text-align: center\"><strong>DAHLEM<\/strong><\/td>\n<td style=\"width: 12.1155%;height: 41px;text-align: center\"><strong>Christine<\/strong><\/td>\n<td style=\"width: 23.7632%;text-align: center;height: 41px\"><span style=\"color: #ff6600\"><strong>Adh. <span style=\"background-color: #ffffff\"> <span style=\"color: #0000ff\">Adh.<\/span><\/span><\/strong><\/span><\/td>\n<\/tr>\n<tr style=\"background-color: #ffffff\">\n<td style=\"text-align: center;width: 22.381%;height: 41px\">Audenge<\/td>\n<td style=\"text-align: center;width: 19.2176%;height: 41px\">Valeton de Boissi\u00e8re<\/td>\n<td style=\"text-align: center;width: 7.32172%;height: 41px\">E<\/td>\n<td style=\"width: 7.97271%;height: 41px;text-align: center\"><strong>Mme<\/strong><\/td>\n<td style=\"width: 17.9297%;height: 41px;text-align: center\"><strong>DAHLEM<\/strong><\/td>\n<td style=\"width: 12.1155%;height: 41px;text-align: center\"><strong>Christine<\/strong><\/td>\n<td style=\"width: 23.7632%;text-align: center;height: 41px\"><span style=\"color: #ff6600\"><strong>Adh. <span style=\"background-color: #ffffff\"> <span style=\"color: #0000ff\">Adh.<\/span><\/span><\/strong><\/span><\/td>\n<\/tr>\n<tr style=\"background-color: #fadf7f\">\n<td style=\"text-align: center;width: 22.381%;height: 41px;background-color: #ffffff\">Biganos<\/td>\n<td style=\"text-align: center;width: 19.2176%;height: 41px;background-color: #ffffff\">Ferry<\/td>\n<td style=\"text-align: center;width: 7.32172%;height: 41px;background-color: #ffffff\">E<\/td>\n<td style=\"width: 7.97271%;height: 41px;text-align: center;background-color: #ffffff\"><strong>Mme<\/strong><\/td>\n<td style=\"width: 17.9297%;height: 41px;text-align: center;background-color: #ffffff\"><strong>DELMASCHIO<\/strong><\/td>\n<td style=\"width: 12.1155%;height: 41px;text-align: center;background-color: #ffffff\"><strong>Aurore<\/strong><\/td>\n<td style=\"width: 23.7632%;text-align: center;height: 41px;background-color: #ffffff\">\u00a0<\/td>\n<\/tr>\n<tr style=\"height: 41px;background-color: #fadf7f\">\n<td style=\"text-align: center;width: 22.381%;height: 41px;background-color: #ffffff\">Biganos<\/td>\n<td style=\"text-align: center;width: 19.2176%;height: 41px;background-color: #ffffff\">Lac Vert<\/td>\n<td style=\"text-align: center;width: 7.32172%;height: 41px;background-color: #ffffff\">P<\/td>\n<td style=\"width: 7.97271%;height: 41px;text-align: center;background-color: #ffffff\"><strong>Mme\u00a0<\/strong><\/td>\n<td style=\"width: 17.9297%;height: 41px;text-align: center;background-color: #ffffff\"><strong>GRANGE<\/strong><\/td>\n<td style=\"width: 12.1155%;height: 41px;text-align: center;background-color: #ffffff\"><strong>Fran\u00e7oise<\/strong><\/td>\n<td style=\"width: 23.7632%;text-align: center;height: 41px;background-color: #ffffff\"><strong><span style=\"color: #008000\">Adh.<\/span><\/strong><\/td>\n<\/tr>\n<tr style=\"background-color: #fadf7f\">\n<td style=\"text-align: center;width: 22.381%;height: 41px;background-color: #ffffff\">Biganos<\/td>\n<td style=\"text-align: center;width: 19.2176%;height: 41px;background-color: #ffffff\">Pagnol<\/td>\n<td style=\"text-align: center;width: 7.32172%;height: 41px;background-color: #ffffff\">M<\/td>\n<td style=\"width: 7.97271%;height: 41px;text-align: center;background-color: #ffffff\"><strong>Mme\u00a0<\/strong><\/td>\n<td style=\"width: 17.9297%;height: 41px;text-align: center;background-color: #ffffff\"><strong>DELMASCHIO<\/strong><\/td>\n<td style=\"width: 12.1155%;height: 41px;text-align: center;background-color: #ffffff\"><strong>Aurore<\/strong><\/td>\n<td style=\"width: 23.7632%;text-align: center;height: 41px;background-color: #ffffff\">\u00a0<\/td>\n<\/tr>\n<tr style=\"background-color: #fadf7f\">\n<td style=\"text-align: center;width: 22.381%;height: 41px;background-color: #ffffff\">Lanton<\/td>\n<td style=\"text-align: center;width: 19.2176%;height: 41px;background-color: #ffffff\">Brassens<\/td>\n<td style=\"text-align: center;width: 7.32172%;height: 41px;background-color: #ffffff\">M<\/td>\n<td style=\"width: 7.97271%;height: 41px;text-align: center;background-color: #ffffff\"><strong>M.<\/strong><\/td>\n<td style=\"width: 17.9297%;height: 41px;text-align: center;background-color: #ffffff\"><strong>ULRICH<\/strong><\/td>\n<td style=\"width: 12.1155%;height: 41px;text-align: center;background-color: #ffffff\"><strong>Thierry<\/strong><\/td>\n<td style=\"width: 23.7632%;text-align: center;height: 41px;background-color: #ffffff\">\u00a0<\/td>\n<\/tr>\n<tr style=\"background-color: #fadf7f\">\n<td style=\"text-align: center;width: 22.381%;height: 41px;background-color: #ffffff\">Lanton<\/td>\n<td style=\"text-align: center;width: 19.2176%;height: 41px;background-color: #ffffff\">France Gall<\/td>\n<td style=\"text-align: center;width: 7.32172%;height: 41px;background-color: #ffffff\">E<\/td>\n<td style=\"width: 7.97271%;height: 41px;text-align: center;background-color: #ffffff\"><strong>M.<\/strong><\/td>\n<td style=\"width: 17.9297%;height: 41px;text-align: center;background-color: #ffffff\"><strong>ULRICH<\/strong><\/td>\n<td style=\"width: 12.1155%;height: 41px;text-align: center;background-color: #ffffff\"><strong>Thierry<\/strong><\/td>\n<td style=\"width: 23.7632%;text-align: center;height: 41px;background-color: #ffffff\">\u00a0<\/td>\n<\/tr>\n<tr style=\"height: 41px;background-color: #fadf7f\">\n<td style=\"text-align: center;width: 22.381%;height: 41px;background-color: #ffffff\">Le Porge<\/td>\n<td style=\"text-align: center;width: 19.2176%;height: 41px;background-color: #ffffff\">Degoul<\/td>\n<td style=\"text-align: center;width: 7.32172%;height: 41px;background-color: #ffffff\">P<\/td>\n<td style=\"text-align: center;width: 7.97271%;height: 41px;background-color: #ffffff\"><strong>M.<\/strong><\/td>\n<td style=\"width: 17.9297%;height: 41px;text-align: center;background-color: #ffffff\"><strong>UILRICH<\/strong><\/td>\n<td style=\"width: 12.1155%;height: 41px;text-align: center;background-color: #ffffff\"><strong>Thierry<\/strong><\/td>\n<td style=\"width: 23.7632%;text-align: center;height: 41px;background-color: #ffffff\">\n<p>demande en cours<\/p>\n<\/td>\n<\/tr>\n<tr style=\"height: 41px\">\n<td style=\"text-align: center;width: 22.381%;height: 41px\">L\u00e8ge-Cap Ferret<\/td>\n<td style=\"text-align: center;width: 19.2176%;height: 41px\">Bourg<\/td>\n<td style=\"text-align: center;width: 7.32172%;height: 41px\">E<\/td>\n<td style=\"text-align: center;width: 7.97271%;height: 41px\"><strong>M.<\/strong><\/td>\n<td style=\"width: 17.9297%;height: 41px;text-align: center\"><strong>RADOU<\/strong><\/td>\n<td style=\"width: 12.1155%;height: 41px;text-align: center\"><strong>Herv\u00e9<\/strong><\/td>\n<td style=\"width: 23.7632%;text-align: center;height: 41px\"><span style=\"color: #ff6600\"><strong>Adh. <span style=\"color: #0000ff\">Adh. <span style=\"color: #008000\">Adh.<\/span><\/span><\/strong><\/span><\/td>\n<\/tr>\n<tr style=\"height: 41px\">\n<td style=\"text-align: center;width: 22.381%;height: 41px\">L\u00e8ge-Cap Ferret<\/td>\n<td style=\"text-align: center;width: 19.2176%;height: 41px\">Claouey<\/td>\n<td style=\"text-align: center;width: 7.32172%;height: 41px\">P<\/td>\n<td style=\"text-align: center;width: 7.97271%;height: 41px\"><strong>M.<\/strong><\/td>\n<td style=\"width: 17.9297%;height: 41px;text-align: center\"><strong>RADOU<\/strong><\/td>\n<td style=\"width: 12.1155%;height: 41px;text-align: center\"><strong>Herv\u00e9<\/strong><\/td>\n<td style=\"width: 23.7632%;text-align: center;height: 41px\"><span style=\"color: #ff6600\"><strong>Adh. <span style=\"color: #0000ff\">Adh. <span style=\"color: #008000\">Adh.<\/span><\/span><\/strong><\/span><\/td>\n<\/tr>\n<tr style=\"height: 41px\">\n<td style=\"text-align: center;width: 22.381%;height: 41px\">L\u00e8ge-Cap Ferret<\/td>\n<td style=\"text-align: center;width: 19.2176%;height: 41px\">Phare<\/td>\n<td style=\"text-align: center;width: 7.32172%;height: 41px\">P<\/td>\n<td style=\"text-align: center;width: 7.97271%;height: 41px\"><strong>M.<\/strong><\/td>\n<td style=\"width: 17.9297%;height: 41px;text-align: center\"><strong>RADOU<\/strong><\/td>\n<td style=\"width: 12.1155%;height: 41px;text-align: center\"><strong>Herv\u00e9<\/strong><\/td>\n<td style=\"width: 23.7632%;text-align: center;height: 41px\"><span style=\"color: #ff6600\"><strong>Adh. <span style=\"color: #0000ff\">Adh. <span style=\"color: #008000\">Adh.<\/span><\/span><\/strong><\/span><\/td>\n<\/tr>\n<tr style=\"height: 41px\">\n<td style=\"text-align: center;width: 22.381%;height: 41px\">L\u00e8ge-Cap Ferret<\/td>\n<td style=\"text-align: center;width: 19.2176%;height: 41px\">Pitchouns<\/td>\n<td style=\"text-align: center;width: 7.32172%;height: 41px\">M<\/td>\n<td style=\"text-align: center;width: 7.97271%;height: 41px\"><strong>M.<\/strong><\/td>\n<td style=\"width: 17.9297%;height: 41px;text-align: center\"><strong>RADOU<\/strong><\/td>\n<td style=\"width: 12.1155%;height: 41px;text-align: center\"><strong>Herv\u00e9<\/strong><\/td>\n<td style=\"width: 23.7632%;height: 41px;text-align: center\"><span style=\"color: #ff6600\"><strong>Adh. <span style=\"color: #0000ff\">Adh. <span style=\"color: #008000\">Adh.<\/span><\/span><\/strong><\/span><\/td>\n<\/tr>\n<tr style=\"height: 28px\">\n<td style=\"text-align: center;width: 22.381%;height: 41px\">Marcheprime<\/td>\n<td style=\"text-align: center;width: 19.2176%;height: 41px\">Trut<\/td>\n<td style=\"text-align: center;width: 7.32172%;height: 41px\">M<\/td>\n<td style=\"text-align: center;width: 7.97271%;height: 41px\"><strong>Mme<\/strong><\/td>\n<td style=\"width: 17.9297%;height: 41px;text-align: center\"><strong>KRIER<\/strong><\/td>\n<td style=\"width: 12.1155%;height: 41px;text-align: center\"><strong>Anny<\/strong><\/td>\n<td style=\"width: 23.7632%;text-align: center;height: 41px\"><span style=\"color: #ff6600\"><strong>Adh. <span style=\"color: #0000ff\">Adh. <span style=\"color: #008000\">Adh.<\/span><\/span><\/strong><\/span><\/td>\n<\/tr>\n<tr style=\"height: 28px\">\n<td style=\"text-align: center;width: 22.381%;height: 41px\">Marcheprime<\/td>\n<td style=\"text-align: center;width: 19.2176%;height: 41px\">Fognet<\/td>\n<td style=\"text-align: center;width: 7.32172%;height: 41px\">E<\/td>\n<td style=\"text-align: center;width: 7.97271%;height: 41px\"><strong>Mme<\/strong><\/td>\n<td style=\"width: 17.9297%;height: 41px;text-align: center\"><strong>KRIER<\/strong><\/td>\n<td style=\"width: 12.1155%;height: 41px;text-align: center\"><strong>Anny<\/strong><\/td>\n<td style=\"width: 23.7632%;text-align: center;height: 41px\"><span style=\"color: #ff6600\"><strong>Adh. <span style=\"color: #0000ff\">Adh. <span style=\"color: #008000\">Adh.<\/span><\/span><\/strong><\/span><\/td>\n<\/tr>\n<tr style=\"height: 28px\">\n<td style=\"text-align: center;width: 22.381%;height: 52px\">Mios<\/td>\n<td style=\"text-align: center;width: 19.2176%;height: 52px\">Fauvette Pitchou<\/td>\n<td style=\"text-align: center;width: 7.32172%;height: 52px\">M<\/td>\n<td style=\"text-align: center;width: 7.97271%;height: 52px\"><strong>\u00a0Mme<\/strong><\/td>\n<td style=\"width: 17.9297%;height: 52px;text-align: center\"><strong>BARGUES<\/strong><\/td>\n<td style=\"width: 12.1155%;height: 52px;text-align: center\"><strong>Eliane<\/strong><\/td>\n<td style=\"width: 23.7632%;text-align: center;height: 52px\"><span style=\"color: #ff6600\"><strong>Adh. <span style=\"background-color: #ffffff\"> <span style=\"color: #0000ff\">Adh.<\/span><\/span><\/strong><\/span><\/td>\n<\/tr>\n<tr style=\"height: 28px\">\n<td style=\"text-align: center;width: 22.381%;height: 41px\">Mios<\/td>\n<td style=\"text-align: center;width: 19.2176%;height: 41px\">Les Ecureuils<\/td>\n<td style=\"text-align: center;width: 7.32172%;height: 41px\">E<\/td>\n<td style=\"text-align: center;width: 7.97271%;height: 41px\"><strong>\u00a0Mme<\/strong><\/td>\n<td style=\"width: 17.9297%;height: 41px;text-align: center\"><strong>BARGUES<\/strong><\/td>\n<td style=\"width: 12.1155%;height: 41px;text-align: center\"><strong>Eliane<\/strong><\/td>\n<td style=\"width: 23.7632%;text-align: center;height: 41px\"><span style=\"color: #ff6600\"><strong>Adh. <span style=\"background-color: #ffffff\"> <span style=\"color: #0000ff\">Adh.<\/span><\/span><\/strong><\/span><\/td>\n<\/tr>\n<tr style=\"height: 28px\">\n<td style=\"text-align: center;width: 22.381%;height: 10px\">Mios<\/td>\n<td style=\"text-align: center;width: 19.2176%;height: 10px\">\n<p>La M\u00e9sange Bleue<\/p>\n<\/td>\n<td style=\"text-align: center;width: 7.32172%;height: 10px\">P<\/td>\n<td style=\"text-align: center;width: 7.97271%;height: 10px\"><strong>\u00a0Mme<\/strong><\/td>\n<td style=\"width: 17.9297%;height: 10px;text-align: center\"><strong>BARGUES<\/strong><\/td>\n<td style=\"width: 12.1155%;height: 10px;text-align: center\"><strong>Eliane<\/strong><\/td>\n<td style=\"width: 23.7632%;text-align: center;height: 10px\"><span style=\"color: #ff6600\"><strong>Adh. <span style=\"background-color: #ffffff\"> <span style=\"color: #0000ff\">Adh.<\/span><\/span><\/strong><\/span><\/td>\n<\/tr>\n<tr style=\"height: 28px\">\n<td style=\"text-align: center;width: 22.381%;height: 41px\">Mios<\/td>\n<td style=\"text-align: center;width: 19.2176%;height: 41px\">\n<p>Grande Ourse\/Petite Ourse\u00a0 \u00a0(ex.Ramonet)<\/p>\n<\/td>\n<td style=\"text-align: center;width: 7.32172%;height: 41px\">P<\/td>\n<td style=\"text-align: center;width: 7.97271%;height: 41px\"><strong>Mme<\/strong><\/td>\n<td style=\"width: 17.9297%;height: 41px;text-align: center\"><strong>BARGUES<\/strong><\/td>\n<td style=\"width: 12.1155%;height: 41px;text-align: center\"><strong>Eliane<\/strong><\/td>\n<td style=\"width: 23.7632%;text-align: center;height: 41px\"><span style=\"color: #ff6600\"><strong>Adh. <span style=\"background-color: #ffffff\"> <span style=\"color: #0000ff\">Adh.<\/span><\/span><\/strong><\/span><\/td>\n<\/tr>\n<tr style=\"height: 28px\">\n<td style=\"text-align: center;width: 22.381%;height: 28px\">Mios<\/td>\n<td style=\"text-align: center;width: 19.2176%;height: 28px\">Salamandre<\/td>\n<td style=\"text-align: center;width: 7.32172%;height: 28px\">P<\/td>\n<td style=\"text-align: center;width: 7.97271%;height: 28px\"><strong>Mme<\/strong><\/td>\n<td style=\"width: 17.9297%;height: 28px;text-align: center\"><strong>BARGUES<\/strong><\/td>\n<td style=\"width: 12.1155%;height: 28px\"><strong>Eliane<\/strong><\/td>\n<td style=\"width: 23.7632%;text-align: center;height: 28px\"><span style=\"color: #ff6600\"><strong>Adh. <span style=\"background-color: #ffffff\"> <span style=\"color: #0000ff\">Adh.<\/span><\/span><\/strong><\/span><\/td>\n<\/tr>\n<\/tbody>\n<\/table>","protected":false},"excerpt":{"rendered":"<p>Dans ce tableau, vous pouvez lire pour chaque commune de la d\u00e9l\u00e9gation (Circonscription de l&rsquo;IEN), le nom des \u00e9coles, le nom du DDEN ou de la DDEN. La derni\u00e8re colonne mentionne si le DDEN est adh\u00e9rent de l&rsquo;UNION DDEN33. Adh. signifie qu&rsquo;il est adh\u00e9rent en 2024, Adh. indique qu&rsquo;il est adh\u00e9rent en 2025. Adh. pour &hellip; <a href=\"https:\/\/dden33.org\/arcachon-nord\/dden\/\" class=\"more-link\">Continuer la lecture de <span class=\"screen-reader-text\">DDEN<\/span> <span class=\"meta-nav\">&rarr;<\/span><\/a><\/p>\n","protected":false},"author":2,"featured_media":0,"parent":0,"menu_order":0,"comment_status":"closed","ping_status":"closed","template":"","meta":{"_bbp_topic_count":0,"_bbp_reply_count":0,"_bbp_total_topic_count":0,"_bbp_total_reply_count":0,"_bbp_voice_count":0,"_bbp_anonymous_reply_count":0,"_bbp_topic_count_hidden":0,"_bbp_reply_count_hidden":0,"_bbp_forum_subforum_count":0,"footnotes":""},"class_list":["post-31","page","type-page","status-publish","hentry"],"_links":{"self":[{"href":"https:\/\/dden33.org\/arcachon-nord\/wp-json\/wp\/v2\/pages\/31","targetHints":{"allow":["GET"]}}],"collection":[{"href":"https:\/\/dden33.org\/arcachon-nord\/wp-json\/wp\/v2\/pages"}],"about":[{"href":"https:\/\/dden33.org\/arcachon-nord\/wp-json\/wp\/v2\/types\/page"}],"author":[{"embeddable":true,"href":"https:\/\/dden33.org\/arcachon-nord\/wp-json\/wp\/v2\/users\/2"}],"replies":[{"embeddable":true,"href":"https:\/\/dden33.org\/arcachon-nord\/wp-json\/wp\/v2\/comments?post=31"}],"version-history":[{"count":43,"href":"https:\/\/dden33.org\/arcachon-nord\/wp-json\/wp\/v2\/pages\/31\/revisions"}],"predecessor-version":[{"id":343,"href":"https:\/\/dden33.org\/arcachon-nord\/wp-json\/wp\/v2\/pages\/31\/revisions\/343"}],"wp:attachment":[{"href":"https:\/\/dden33.org\/arcachon-nord\/wp-json\/wp\/v2\/media?parent=31"}],"curies":[{"name":"wp","href":"https:\/\/api.w.org\/{rel}","templated":true}]}}