{"id":7,"date":"2016-07-03T19:41:45","date_gmt":"2016-07-03T17:41:45","guid":{"rendered":"https:\/\/dden33.org\/bordeaux-begles\/?page_id=7"},"modified":"2026-04-22T18:09:50","modified_gmt":"2026-04-22T16:09:50","slug":"bienvenue","status":"publish","type":"page","link":"https:\/\/dden33.org\/bordeaux-begles\/","title":{"rendered":"Bienvenue"},"content":{"rendered":"<p>L&rsquo;\u00e9quipe des DDEN de la Circonscription de B\u00e8gles-Floirac vous souhaitent la bienvenue sur leur nouveau site d&rsquo;information.<\/p>\n<table>\n<tbody>\n<tr style=\"border-color: #0070f7;height: 28px;background-color: #0070f7\">\n<td style=\"height: 28px\"><span style=\"color: #ffffff\">\u00a0<\/span><\/td>\n<td style=\"height: 28px;text-align: center\"><span style=\"color: #ffffff\">Nom<\/span><\/td>\n<td style=\"height: 28px;text-align: center\"><span style=\"color: #ffffff\">eMail<\/span><\/td>\n<td style=\"height: 28px;text-align: center\"><span style=\"color: #ffffff\">T\u00e9l\u00e9phone<\/span><\/td>\n<\/tr>\n<tr style=\"height: 27px\">\n<td style=\"border-color: #2eccfa;height: 27px;text-align: right;background-color: #0070f7\"><span style=\"color: #ffffff\">Pr\u00e9sident<\/span><\/td>\n<td style=\"border-color: #ffffff;height: 27px;text-align: center\">Jacky NOUVEAU<\/td>\n<td style=\"border-color: #ffffff;height: 27px;text-align: center\">nouveau.jacky@sfr.fr<\/td>\n<td style=\"border-color: #ffffff;height: 27px;text-align: center\">\u00a006 15 32 33 78<\/td>\n<\/tr>\n<tr style=\"height: 27px\">\n<td style=\"border-color: #2eccfa;height: 27px;text-align: right;background-color: #0070f7\"><span style=\"color: #ffffff\">Vice Pr\u00e9sident<\/span><\/td>\n<td style=\"border-color: #ffffff;height: 27px;text-align: center\">Patrice BES<\/td>\n<td style=\"border-color: #ffffff;height: 27px;text-align: center\">\u00a0famille.bes@wanadoo.fr<\/td>\n<td style=\"border-color: #ffffff;height: 27px;text-align: center\">05 58 32 18 56<\/td>\n<\/tr>\n<\/tbody>\n<\/table>\n","protected":false},"excerpt":{"rendered":"<p>L&rsquo;\u00e9quipe des DDEN de la Circonscription de B\u00e8gles-Floirac vous souhaitent la bienvenue sur leur nouveau site d&rsquo;information. \u00a0 Nom eMail T\u00e9l\u00e9phone Pr\u00e9sident Jacky NOUVEAU nouveau.jacky@sfr.fr \u00a006 15 32 33 78 Vice Pr\u00e9sident Patrice BES \u00a0famille.bes@wanadoo.fr 05 58 32 18 56<\/p>\n","protected":false},"author":2,"featured_media":0,"parent":0,"menu_order":0,"comment_status":"closed","ping_status":"closed","template":"","meta":{"_bbp_topic_count":0,"_bbp_reply_count":0,"_bbp_total_topic_count":0,"_bbp_total_reply_count":0,"_bbp_voice_count":0,"_bbp_anonymous_reply_count":0,"_bbp_topic_count_hidden":0,"_bbp_reply_count_hidden":0,"_bbp_forum_subforum_count":0,"footnotes":""},"class_list":["post-7","page","type-page","status-publish","hentry"],"_links":{"self":[{"href":"https:\/\/dden33.org\/bordeaux-begles\/wp-json\/wp\/v2\/pages\/7","targetHints":{"allow":["GET"]}}],"collection":[{"href":"https:\/\/dden33.org\/bordeaux-begles\/wp-json\/wp\/v2\/pages"}],"about":[{"href":"https:\/\/dden33.org\/bordeaux-begles\/wp-json\/wp\/v2\/types\/page"}],"author":[{"embeddable":true,"href":"https:\/\/dden33.org\/bordeaux-begles\/wp-json\/wp\/v2\/users\/2"}],"replies":[{"embeddable":true,"href":"https:\/\/dden33.org\/bordeaux-begles\/wp-json\/wp\/v2\/comments?post=7"}],"version-history":[{"count":7,"href":"https:\/\/dden33.org\/bordeaux-begles\/wp-json\/wp\/v2\/pages\/7\/revisions"}],"predecessor-version":[{"id":165,"href":"https:\/\/dden33.org\/bordeaux-begles\/wp-json\/wp\/v2\/pages\/7\/revisions\/165"}],"wp:attachment":[{"href":"https:\/\/dden33.org\/bordeaux-begles\/wp-json\/wp\/v2\/media?parent=7"}],"curies":[{"name":"wp","href":"https:\/\/api.w.org\/{rel}","templated":true}]}}