{"id":7,"date":"2016-07-10T12:52:53","date_gmt":"2016-07-10T10:52:53","guid":{"rendered":"https:\/\/dden33.org\/bordeaux3\/?page_id=7"},"modified":"2026-04-22T18:21:37","modified_gmt":"2026-04-22T16:21:37","slug":"bienvenue","status":"publish","type":"page","link":"https:\/\/dden33.org\/bordeaux3\/","title":{"rendered":"Bienvenue sur la d\u00e9l\u00e9gation de  Bordeaux 3"},"content":{"rendered":"<p>L&rsquo;\u00e9quipe des DDEN de la Circonscription de Bordeaux 3 vous souhaite la bienvenue sur leur nouveau site d&rsquo;information. Vous pourrez lire les comptes-rendus de ses r\u00e9unions en cliquant sur la rubrique \u00a0\u00bb Actualit\u00e9s \u00ab\u00a0, ci-dessus.<\/p>\n<table style=\"width: 131.508%;height: 82px\">\n<tbody>\n<tr style=\"border-color: #0070f7;height: 28px;background-color: #0070f7\">\n<td style=\"width: 23.6559%;height: 28px\"><span style=\"color: #ffffff\">\u00a0<\/span><\/td>\n<td style=\"width: 40.3823%;height: 28px;text-align: center\"><span style=\"color: #ffffff\">Nom<\/span><\/td>\n<td style=\"width: 18.2796%;height: 28px;text-align: center\"><span style=\"color: #ffffff\">eMail<\/span><\/td>\n<td style=\"width: 17.5627%;height: 28px;text-align: center\"><span style=\"color: #ffffff\">T\u00e9l\u00e9phone<\/span><\/td>\n<\/tr>\n<tr style=\"height: 27px\">\n<td style=\"border-color: #0070f7;width: 23.6559%;height: 27px;text-align: right;background-color: #0070f7\"><span style=\"color: #ffffff\">Pr\u00e9sident<\/span><\/td>\n<td style=\"border-color: #ffffff;width: 40.3823%;height: 27px;text-align: center\">Jean-Claude PRADELS<\/td>\n<td style=\"border-color: #ffffff;width: 18.2796%;height: 27px;text-align: center\">jcpradels@gmail.com<\/td>\n<td style=\"border-color: #ffffff;width: 17.5627%;height: 27px;text-align: center\">06 16 88 01 78<\/td>\n<\/tr>\n<tr style=\"height: 27px\">\n<td style=\"border-color: #0070f7;width: 23.6559%;height: 27px;text-align: right;background-color: #0070f7\"><span style=\"color: #ffffff\">Vice Pr\u00e9sidente<\/span><\/td>\n<td style=\"border-color: #ffffff;width: 40.3823%;height: 27px;text-align: center\">Catherine GERBY<\/td>\n<td style=\"border-color: #ffffff;width: 18.2796%;height: 27px;text-align: center\">catherine.gerby@outlook.fr<\/td>\n<td style=\"border-color: #ffffff;width: 17.5627%;height: 27px;text-align: center\">06 20 28 84 11<\/td>\n<\/tr>\n<\/tbody>\n<\/table>\n","protected":false},"excerpt":{"rendered":"<p>L&rsquo;\u00e9quipe des DDEN de la Circonscription de Bordeaux 3 vous souhaite la bienvenue sur leur nouveau site d&rsquo;information. Vous pourrez lire les comptes-rendus de ses r\u00e9unions en cliquant sur la rubrique \u00a0\u00bb Actualit\u00e9s \u00ab\u00a0, ci-dessus. \u00a0 Nom eMail T\u00e9l\u00e9phone Pr\u00e9sident Jean-Claude PRADELS jcpradels@gmail.com 06 16 88 01 78 Vice Pr\u00e9sidente Catherine GERBY catherine.gerby@outlook.fr 06 20 &hellip; <a href=\"https:\/\/dden33.org\/bordeaux3\/\" class=\"more-link\">Continuer la lecture de <span class=\"screen-reader-text\">Bienvenue sur la d\u00e9l\u00e9gation de  Bordeaux 3<\/span> <span class=\"meta-nav\">&rarr;<\/span><\/a><\/p>\n","protected":false},"author":2,"featured_media":0,"parent":0,"menu_order":0,"comment_status":"closed","ping_status":"closed","template":"","meta":{"_bbp_topic_count":0,"_bbp_reply_count":0,"_bbp_total_topic_count":0,"_bbp_total_reply_count":0,"_bbp_voice_count":0,"_bbp_anonymous_reply_count":0,"_bbp_topic_count_hidden":0,"_bbp_reply_count_hidden":0,"_bbp_forum_subforum_count":0,"footnotes":""},"class_list":["post-7","page","type-page","status-publish","hentry"],"_links":{"self":[{"href":"https:\/\/dden33.org\/bordeaux3\/wp-json\/wp\/v2\/pages\/7","targetHints":{"allow":["GET"]}}],"collection":[{"href":"https:\/\/dden33.org\/bordeaux3\/wp-json\/wp\/v2\/pages"}],"about":[{"href":"https:\/\/dden33.org\/bordeaux3\/wp-json\/wp\/v2\/types\/page"}],"author":[{"embeddable":true,"href":"https:\/\/dden33.org\/bordeaux3\/wp-json\/wp\/v2\/users\/2"}],"replies":[{"embeddable":true,"href":"https:\/\/dden33.org\/bordeaux3\/wp-json\/wp\/v2\/comments?post=7"}],"version-history":[{"count":10,"href":"https:\/\/dden33.org\/bordeaux3\/wp-json\/wp\/v2\/pages\/7\/revisions"}],"predecessor-version":[{"id":139,"href":"https:\/\/dden33.org\/bordeaux3\/wp-json\/wp\/v2\/pages\/7\/revisions\/139"}],"wp:attachment":[{"href":"https:\/\/dden33.org\/bordeaux3\/wp-json\/wp\/v2\/media?parent=7"}],"curies":[{"name":"wp","href":"https:\/\/api.w.org\/{rel}","templated":true}]}}