{"id":5,"date":"2016-07-06T10:08:41","date_gmt":"2016-07-06T08:08:41","guid":{"rendered":"https:\/\/dden33.org\/langon\/?page_id=5"},"modified":"2024-10-16T14:30:03","modified_gmt":"2024-10-16T12:30:03","slug":"bienvenue","status":"publish","type":"page","link":"https:\/\/dden33.org\/langon\/","title":{"rendered":"Bienvenue"},"content":{"rendered":"<p>L&rsquo;\u00e9quipe des DDEN de la Circonscription de Langon vous souhaitent la bienvenue sur leur nouveau site d&rsquo;information.<\/p>\n<p><strong>La prochaine r\u00e9union de la d\u00e9l\u00e9gation aura lieu le mardi 19 Novembre \u00e0 14H, \u00e0 Langon.<\/strong><\/p>\n<table>\n<tbody>\n<tr style=\"border-color: #0070f7;height: 28px;background-color: #0070f7\">\n<td style=\"height: 28px\"><span style=\"color: #ffffff\">\u00a0<\/span><\/td>\n<td style=\"height: 28px;text-align: center\"><span style=\"color: #ffffff\">Nom<\/span><\/td>\n<td style=\"height: 28px;text-align: center\"><span style=\"color: #ffffff\">eMail<\/span><\/td>\n<td style=\"height: 28px;text-align: center\"><span style=\"color: #ffffff\">T\u00e9l\u00e9phone<\/span><\/td>\n<\/tr>\n<tr style=\"height: 27px\">\n<td style=\"border-color: #0070f7;height: 27px;text-align: right;background-color: #0070f7\"><span style=\"color: #ffffff\">Pr\u00e9sident<\/span><\/td>\n<td style=\"border-color: #ffffff;height: 27px;text-align: center\">Jean Roger DUBOURG<\/td>\n<td style=\"border-color: #ffffff;height: 27px;text-align: center\">jean-roger.dubourg@wanadoo.fr<\/td>\n<td style=\"border-color: #ffffff;height: 27px;text-align: center\">06 83 21 57 89<\/td>\n<\/tr>\n<tr style=\"height: 27px\">\n<td style=\"border-color: #0070f7;height: 27px;text-align: right;background-color: #0070f7\"><span style=\"color: #ffffff\">Vice Pr\u00e9sidente<\/span><\/td>\n<td style=\"border-color: #ffffff;height: 27px;text-align: center\">Martine CAUBIT<\/td>\n<td style=\"border-color: #ffffff;height: 27px;text-align: center\">martinecaubit33@hotmail.fr<\/td>\n<td style=\"border-color: #ffffff;height: 27px;text-align: center\">06 12 39 47 77<\/td>\n<\/tr>\n<\/tbody>\n<\/table>\n","protected":false},"excerpt":{"rendered":"<p>L&rsquo;\u00e9quipe des DDEN de la Circonscription de Langon vous souhaitent la bienvenue sur leur nouveau site d&rsquo;information. La prochaine r\u00e9union de la d\u00e9l\u00e9gation aura lieu le mardi 19 Novembre \u00e0 14H, \u00e0 Langon. \u00a0 Nom eMail T\u00e9l\u00e9phone Pr\u00e9sident Jean Roger DUBOURG jean-roger.dubourg@wanadoo.fr 06 83 21 57 89 Vice Pr\u00e9sidente Martine CAUBIT martinecaubit33@hotmail.fr 06 12 39 &hellip; <a href=\"https:\/\/dden33.org\/langon\/\" class=\"more-link\">Continuer la lecture de <span class=\"screen-reader-text\">Bienvenue<\/span> <span class=\"meta-nav\">&rarr;<\/span><\/a><\/p>\n","protected":false},"author":2,"featured_media":0,"parent":0,"menu_order":0,"comment_status":"closed","ping_status":"closed","template":"","meta":{"_bbp_topic_count":0,"_bbp_reply_count":0,"_bbp_total_topic_count":0,"_bbp_total_reply_count":0,"_bbp_voice_count":0,"_bbp_anonymous_reply_count":0,"_bbp_topic_count_hidden":0,"_bbp_reply_count_hidden":0,"_bbp_forum_subforum_count":0,"footnotes":""},"class_list":["post-5","page","type-page","status-publish","hentry"],"_links":{"self":[{"href":"https:\/\/dden33.org\/langon\/wp-json\/wp\/v2\/pages\/5","targetHints":{"allow":["GET"]}}],"collection":[{"href":"https:\/\/dden33.org\/langon\/wp-json\/wp\/v2\/pages"}],"about":[{"href":"https:\/\/dden33.org\/langon\/wp-json\/wp\/v2\/types\/page"}],"author":[{"embeddable":true,"href":"https:\/\/dden33.org\/langon\/wp-json\/wp\/v2\/users\/2"}],"replies":[{"embeddable":true,"href":"https:\/\/dden33.org\/langon\/wp-json\/wp\/v2\/comments?post=5"}],"version-history":[{"count":15,"href":"https:\/\/dden33.org\/langon\/wp-json\/wp\/v2\/pages\/5\/revisions"}],"predecessor-version":[{"id":359,"href":"https:\/\/dden33.org\/langon\/wp-json\/wp\/v2\/pages\/5\/revisions\/359"}],"wp:attachment":[{"href":"https:\/\/dden33.org\/langon\/wp-json\/wp\/v2\/media?parent=5"}],"curies":[{"name":"wp","href":"https:\/\/api.w.org\/{rel}","templated":true}]}}