{"id":9,"date":"2016-07-07T17:20:00","date_gmt":"2016-07-07T15:20:00","guid":{"rendered":"https:\/\/dden33.org\/lesparre\/?page_id=9"},"modified":"2025-10-24T15:09:45","modified_gmt":"2025-10-24T13:09:45","slug":"bienvenue","status":"publish","type":"page","link":"https:\/\/dden33.org\/lesparre\/","title":{"rendered":"Bienvenue"},"content":{"rendered":"<p>L&rsquo;\u00e9quipe des DDEN de la Circonscription de\u00a0Lesparre vous souhaitent la bienvenue sur leur nouveau site d&rsquo;information.<\/p>\n<table>\n<tbody>\n<tr style=\"border-color: #0070f7;height: 28px;background-color: #0070f7\">\n<td style=\"height: 28px\"><span style=\"color: #ffffff\">\u00a0<\/span><\/td>\n<td style=\"height: 28px;text-align: center\"><span style=\"color: #ffffff\">Nom<\/span><\/td>\n<td style=\"height: 28px;text-align: center\"><span style=\"color: #ffffff\">eMail<\/span><\/td>\n<td style=\"height: 28px;text-align: center\"><span style=\"color: #ffffff\">T\u00e9l\u00e9phone<\/span><\/td>\n<\/tr>\n<tr style=\"height: 27px\">\n<td style=\"border-color: #0070f7;height: 27px;text-align: right;background-color: #0070f7\"><span style=\"color: #ffffff\">Pr\u00e9sident<\/span><\/td>\n<td style=\"border-color: #ffffff;height: 27px;text-align: center\">Jean-Michel COUDRET<\/td>\n<td style=\"border-color: #ffffff;height: 27px;text-align: center\">\u00a0coudretjeanmichel@gmail.com<\/td>\n<td style=\"border-color: #ffffff;height: 27px;text-align: center\">06 50 48 34 75<\/td>\n<\/tr>\n<tr style=\"height: 27px\">\n<td style=\"border-color: #0070f7;height: 27px;text-align: right;background-color: #0070f7\"><span style=\"color: #ffffff\">Vice Pr\u00e9sident<\/span><\/td>\n<td style=\"border-color: #ffffff;height: 27px;text-align: center\">Danielle BERTRAND<\/td>\n<td style=\"border-color: #ffffff;height: 27px;text-align: center\">danielle.bertrand.stvivien@outlook.fr<\/td>\n<td style=\"border-color: #ffffff;height: 27px;text-align: center\">06 85 90 38 40<\/td>\n<\/tr>\n<\/tbody>\n<\/table>\n","protected":false},"excerpt":{"rendered":"<p>L&rsquo;\u00e9quipe des DDEN de la Circonscription de\u00a0Lesparre vous souhaitent la bienvenue sur leur nouveau site d&rsquo;information. \u00a0 Nom eMail T\u00e9l\u00e9phone Pr\u00e9sident Jean-Michel COUDRET \u00a0coudretjeanmichel@gmail.com 06 50 48 34 75 Vice Pr\u00e9sident Danielle BERTRAND danielle.bertrand.stvivien@outlook.fr 06 85 90 38 40<\/p>\n","protected":false},"author":2,"featured_media":0,"parent":0,"menu_order":0,"comment_status":"closed","ping_status":"closed","template":"","meta":{"_bbp_topic_count":0,"_bbp_reply_count":0,"_bbp_total_topic_count":0,"_bbp_total_reply_count":0,"_bbp_voice_count":0,"_bbp_anonymous_reply_count":0,"_bbp_topic_count_hidden":0,"_bbp_reply_count_hidden":0,"_bbp_forum_subforum_count":0,"footnotes":""},"class_list":["post-9","page","type-page","status-publish","hentry"],"_links":{"self":[{"href":"https:\/\/dden33.org\/lesparre\/wp-json\/wp\/v2\/pages\/9","targetHints":{"allow":["GET"]}}],"collection":[{"href":"https:\/\/dden33.org\/lesparre\/wp-json\/wp\/v2\/pages"}],"about":[{"href":"https:\/\/dden33.org\/lesparre\/wp-json\/wp\/v2\/types\/page"}],"author":[{"embeddable":true,"href":"https:\/\/dden33.org\/lesparre\/wp-json\/wp\/v2\/users\/2"}],"replies":[{"embeddable":true,"href":"https:\/\/dden33.org\/lesparre\/wp-json\/wp\/v2\/comments?post=9"}],"version-history":[{"count":6,"href":"https:\/\/dden33.org\/lesparre\/wp-json\/wp\/v2\/pages\/9\/revisions"}],"predecessor-version":[{"id":226,"href":"https:\/\/dden33.org\/lesparre\/wp-json\/wp\/v2\/pages\/9\/revisions\/226"}],"wp:attachment":[{"href":"https:\/\/dden33.org\/lesparre\/wp-json\/wp\/v2\/media?parent=9"}],"curies":[{"name":"wp","href":"https:\/\/api.w.org\/{rel}","templated":true}]}}