{"id":8,"date":"2016-07-10T12:07:41","date_gmt":"2016-07-10T10:07:41","guid":{"rendered":"https:\/\/dden33.org\/lormont\/?page_id=8"},"modified":"2026-04-22T18:34:07","modified_gmt":"2026-04-22T16:34:07","slug":"bienvenue","status":"publish","type":"page","link":"https:\/\/dden33.org\/lormont\/","title":{"rendered":"Bienvenue"},"content":{"rendered":"<p>L&rsquo;\u00e9quipe des DDEN de la Circonscription de Lormont\u00a0vous souhaitent la bienvenue sur leur nouveau site d&rsquo;information.<\/p>\n<table style=\"width: 100%;height: 82px\">\n<tbody>\n<tr style=\"border-color: #0070f7;height: 28px;background-color: #0070f7\">\n<td style=\"height: 28px\"><span style=\"color: #ffffff\">\u00a0<\/span><\/td>\n<td style=\"height: 28px;text-align: center\"><span style=\"color: #ffffff\">Nom<\/span><\/td>\n<td style=\"height: 28px;text-align: center\"><span style=\"color: #ffffff\">eMail<\/span><\/td>\n<td style=\"height: 28px;text-align: center\"><span style=\"color: #ffffff\">T\u00e9l\u00e9phone<\/span><\/td>\n<\/tr>\n<tr style=\"height: 27px\">\n<td style=\"border-color: #0070f7;height: 27px;text-align: right;background-color: #0070f7\"><span style=\"color: #ffffff\">Pr\u00e9sidente<\/span><\/td>\n<td style=\"border-color: #ffffff;height: 27px;text-align: center\">Maryse MARSAN<\/td>\n<td style=\"border-color: #ffffff;height: 27px;text-align: center\">maryse.marsan@orange.fr<\/td>\n<td style=\"border-color: #ffffff;height: 27px;text-align: center\">\u00a005 56 06 21 93<\/td>\n<\/tr>\n<tr style=\"height: 27px\">\n<td style=\"border-color: #0070f7;height: 27px;text-align: right;background-color: #0070f7\"><span style=\"color: #ffffff\">Vice Pr\u00e9sident<\/span><\/td>\n<td style=\"border-color: #ffffff;height: 27px;text-align: center\">Jacques CAHAUPE<\/td>\n<td style=\"border-color: #ffffff;height: 27px;text-align: center\">jacques.lescun@wanadoo.fr<\/td>\n<td style=\"border-color: #ffffff;height: 27px;text-align: center\">07 89 59 35 01<\/td>\n<\/tr>\n<\/tbody>\n<\/table>\n\n\n<p><strong>Le 9 d\u00e9cembre 2024, Rue Albert Camus \u00e0 Lormont a \u00e9t\u00e9 plant\u00e9 l&rsquo;arbre de la La\u00efcit\u00e9. Les DDEN sont attach\u00e9s \u00e0 cette valeur fondamentale qui est l&rsquo;un des piliers de l&rsquo;ECOLE. En effet, la charte de la La\u00efcit\u00e9 est affich\u00e9e dans tous les \u00e9tablissements.\u00a0 Pour en savoir plus, cliquez\u00a0 sur\u00a0 la rubrique ACTUALITES,\u00a0 ci-dessus.\u00a0<\/strong><\/p>\n","protected":false},"excerpt":{"rendered":"<p>L&rsquo;\u00e9quipe des DDEN de la Circonscription de Lormont\u00a0vous souhaitent la bienvenue sur leur nouveau site d&rsquo;information. \u00a0 Nom eMail T\u00e9l\u00e9phone Pr\u00e9sidente Maryse MARSAN maryse.marsan@orange.fr \u00a005 56 06 21 93 Vice Pr\u00e9sident Jacques CAHAUPE jacques.lescun@wanadoo.fr 07 89 59 35 01 Le 9 d\u00e9cembre 2024, Rue Albert Camus \u00e0 Lormont a \u00e9t\u00e9 plant\u00e9 l&rsquo;arbre de la La\u00efcit\u00e9. &hellip; <a href=\"https:\/\/dden33.org\/lormont\/\" class=\"more-link\">Continuer la lecture de <span class=\"screen-reader-text\">Bienvenue<\/span> <span class=\"meta-nav\">&rarr;<\/span><\/a><\/p>\n","protected":false},"author":2,"featured_media":0,"parent":0,"menu_order":0,"comment_status":"closed","ping_status":"closed","template":"","meta":{"_bbp_topic_count":0,"_bbp_reply_count":0,"_bbp_total_topic_count":0,"_bbp_total_reply_count":0,"_bbp_voice_count":0,"_bbp_anonymous_reply_count":0,"_bbp_topic_count_hidden":0,"_bbp_reply_count_hidden":0,"_bbp_forum_subforum_count":0,"footnotes":""},"class_list":["post-8","page","type-page","status-publish","hentry"],"_links":{"self":[{"href":"https:\/\/dden33.org\/lormont\/wp-json\/wp\/v2\/pages\/8","targetHints":{"allow":["GET"]}}],"collection":[{"href":"https:\/\/dden33.org\/lormont\/wp-json\/wp\/v2\/pages"}],"about":[{"href":"https:\/\/dden33.org\/lormont\/wp-json\/wp\/v2\/types\/page"}],"author":[{"embeddable":true,"href":"https:\/\/dden33.org\/lormont\/wp-json\/wp\/v2\/users\/2"}],"replies":[{"embeddable":true,"href":"https:\/\/dden33.org\/lormont\/wp-json\/wp\/v2\/comments?post=8"}],"version-history":[{"count":6,"href":"https:\/\/dden33.org\/lormont\/wp-json\/wp\/v2\/pages\/8\/revisions"}],"predecessor-version":[{"id":129,"href":"https:\/\/dden33.org\/lormont\/wp-json\/wp\/v2\/pages\/8\/revisions\/129"}],"wp:attachment":[{"href":"https:\/\/dden33.org\/lormont\/wp-json\/wp\/v2\/media?parent=8"}],"curies":[{"name":"wp","href":"https:\/\/api.w.org\/{rel}","templated":true}]}}