{"id":9,"date":"2016-07-10T15:02:31","date_gmt":"2016-07-10T13:02:31","guid":{"rendered":"https:\/\/dden33.org\/merignac\/?page_id=9"},"modified":"2026-04-12T14:51:23","modified_gmt":"2026-04-12T12:51:23","slug":"dden","status":"publish","type":"page","link":"https:\/\/dden33.org\/merignac\/dden\/","title":{"rendered":"DDEN"},"content":{"rendered":"\n\n\n<p><a href=\"https:\/\/dden33.org\/merignac\/dden\/\">voir la page<\/a><\/p>\n\n\n\n<p><strong>D\u00e9l\u00e9gation de MERIGNAC. Dans ce tableau, vous pouvez lire pour chaque commune de la d\u00e9l\u00e9gation (Circonscription de l\u2019IEN), le nom des \u00e9coles, le nom du DDEN ou de la DDEN nomm\u00e9 (e). Pour chacune de ces deux d\u00e9l\u00e9gations vous pouvez lire les comptes-rendus des r\u00e9unions en vous rendant dans la rubrique, ci-dessus,\u00a0 \u00a0\u00bb Actualit\u00e9s \u00ab\u00a0.<\/strong><\/p>\n<p><em>NB : La derni\u00e8re colonne mentionne si le DDEN est adh\u00e9rent de l\u2019UNION DDEN33.<strong><span style=\"color: #ff6600\">Adh.<\/span><\/strong>signifie qu\u2019il est adh\u00e9rent en 2024,\u00a0<span style=\"color: #0000ff\"><strong>Adh.<\/strong><\/span>\u00a0indique qu\u2019il est adh\u00e9rent en 2025. <span style=\"color: #ff6600\"><strong><span style=\"color: #0000ff\"><span style=\"color: #339966\">Adh.<\/span><\/span><\/strong><\/span><\/em> <span style=\"color: #000000\">indique une adh\u00e9sion pour 2026. <\/span>Nous<em> vous invitons \u00e0 adh\u00e9rer vous aussi \u00e0 l\u2019UNION 33. Remplir la fiche d\u2019adh\u00e9sion\u00a0<\/em><a href=\"https:\/\/dden33.org\/arcachon-nord\/wp-content\/uploads\/sites\/5\/2024\/12\/appel-Cotisation-2025.pdf\">en cliquant ICI.\u00a0<\/a><\/p>\n<p><strong><span style=\"color: #0000ff\">Tableaux mis \u00e0 jour le 10 avril 2026<\/span><\/strong><\/p>\n\n\n<div>\n<table style=\"width: 129.252%;height: 989px\">\n<tbody>\n<tr style=\"height: 28px;background-color: #0070f7\">\n<td style=\"width: 16.6511%;height: 28px;text-align: center\"><span style=\"color: #ffffff\"><strong>COMMUNE<\/strong><\/span><\/td>\n<td style=\"width: 19.4614%;height: 28px;text-align: center\"><span style=\"color: #ffffff\"><strong>NOM ECOLE<\/strong><\/span><\/td>\n<td style=\"width: 7.08769%;height: 28px;text-align: center\"><span style=\"color: #ffffff\"><strong>TYPE<\/strong><\/span><\/td>\n<td style=\"width: 7.52769%;height: 28px;text-align: center\"><span style=\"color: #ffffff\"><strong>Civilit\u00e9<\/strong><\/span><\/td>\n<td style=\"width: 16.9643%;height: 28px;text-align: center\"><span style=\"color: #ffffff\"><strong>NOM<\/strong><\/span><\/td>\n<td style=\"width: 16.2402%;height: 28px;text-align: center\"><span style=\"color: #ffffff\"><strong>PRENOM<\/strong><\/span><\/td>\n<td style=\"width: 43.9478%;height: 28px;text-align: center\"><span style=\"color: #ffffff\"><strong>ADHESION<\/strong><\/span><\/td>\n<\/tr>\n<tr style=\"height: 28px\">\n<td style=\"width: 16.6511%;text-align: center;height: 28px\">MERIGNAC<\/td>\n<td style=\"width: 19.4614%;text-align: center;height: 28px\">Auriac<\/td>\n<td style=\"width: 7.08769%;text-align: center;height: 28px\">M<\/td>\n<td style=\"width: 7.52769%;text-align: center;height: 28px\"><strong>M<\/strong><\/td>\n<td style=\"width: 16.9643%;text-align: center;height: 28px\"><strong>RAMDANI<\/strong><\/td>\n<td style=\"width: 16.2402%;text-align: center;height: 28px\"><strong>Rachid<\/strong><\/td>\n<td style=\"width: 43.9478%;height: 28px;text-align: center\">\u00a0<\/td>\n<\/tr>\n<tr style=\"height: 28px\">\n<td style=\"width: 16.6511%;text-align: center;height: 28px\">MERIGNAC<\/td>\n<td style=\"width: 19.4614%;text-align: center;height: 28px\">Auriac<\/td>\n<td style=\"width: 7.08769%;text-align: center;height: 28px\">E<\/td>\n<td style=\"width: 7.52769%;text-align: center;height: 28px\"><strong>M<\/strong><\/td>\n<td style=\"width: 16.9643%;text-align: center;height: 28px\"><strong>RAMDANI<\/strong><\/td>\n<td style=\"width: 16.2402%;text-align: center;height: 28px\"><strong>Rachid<\/strong><\/td>\n<td style=\"width: 43.9478%;height: 28px;text-align: center\">\u00a0<\/td>\n<\/tr>\n<tr style=\"height: 28px\">\n<td style=\"width: 16.6511%;height: 28px;text-align: center;background-color: #fadf7f\">MERIGNAC<\/td>\n<td style=\"width: 19.4614%;height: 28px;text-align: center;background-color: #fadf7f\">Berthelot<\/td>\n<td style=\"width: 7.08769%;height: 28px;text-align: center;background-color: #fadf7f\">M<\/td>\n<td style=\"width: 7.52769%;height: 28px;text-align: center;background-color: #fadf7f\">\u00a0<\/td>\n<td style=\"width: 16.9643%;height: 28px;text-align: center;background-color: #fadf7f\">\u00a0<\/td>\n<td style=\"width: 16.2402%;height: 28px;text-align: center;background-color: #fadf7f\">\u00a0<\/td>\n<td style=\"width: 43.9478%;height: 28px;text-align: center;background-color: #fadf7f\">\u00a0<\/td>\n<\/tr>\n<tr style=\"height: 28px\">\n<td style=\"width: 16.6511%;height: 28px;text-align: center;background-color: #fadf7f\">MERIGNAC<\/td>\n<td style=\"width: 19.4614%;height: 28px;text-align: center;background-color: #fadf7f\">Berthelot<\/td>\n<td style=\"width: 7.08769%;height: 28px;text-align: center;background-color: #fadf7f\">E<\/td>\n<td style=\"width: 7.52769%;height: 28px;text-align: center;background-color: #fadf7f\">\u00a0<\/td>\n<td style=\"width: 16.9643%;height: 28px;text-align: center;background-color: #fadf7f\">\u00a0<\/td>\n<td style=\"width: 16.2402%;height: 28px;text-align: center;background-color: #fadf7f\">\u00a0<\/td>\n<td style=\"width: 43.9478%;height: 28px;text-align: center;background-color: #fadf7f\">\u00a0<\/td>\n<\/tr>\n<tr style=\"height: 28px\">\n<td style=\"width: 16.6511%;height: 28px;text-align: center\">MERIGNAC<\/td>\n<td style=\"width: 19.4614%;height: 28px;text-align: center\">Bosquets<\/td>\n<td style=\"width: 7.08769%;height: 28px;text-align: center\">M<\/td>\n<td style=\"width: 7.52769%;height: 28px;text-align: center\"><strong>Mme<\/strong><\/td>\n<td style=\"width: 16.9643%;height: 28px;text-align: center\"><strong>PEYROUTAS<\/strong><\/td>\n<td style=\"width: 16.2402%;height: 28px;text-align: center\"><strong>Marie-Christine<\/strong><\/td>\n<td style=\"width: 43.9478%;height: 28px;text-align: center\"><span style=\"color: #ff6600\"><strong>Adh.<\/strong><\/span><\/td>\n<\/tr>\n<tr style=\"height: 28px\">\n<td style=\"width: 16.6511%;height: 28px;text-align: center\">MERIGNAC<\/td>\n<td style=\"width: 19.4614%;height: 28px;text-align: center\">Bosquets<\/td>\n<td style=\"width: 7.08769%;height: 28px;text-align: center\">E<\/td>\n<td style=\"width: 7.52769%;height: 28px;text-align: center\"><strong>Mme<\/strong><\/td>\n<td style=\"width: 16.9643%;height: 28px;text-align: center\"><strong>PEYROUTAS<\/strong><\/td>\n<td style=\"width: 16.2402%;height: 28px;text-align: center\"><strong>Marie-Christine<\/strong><\/td>\n<td style=\"width: 43.9478%;height: 28px;text-align: center\"><span style=\"color: #ff6600\"><strong>Adh.<\/strong><\/span><\/td>\n<\/tr>\n<tr style=\"height: 28px\">\n<td style=\"width: 16.6511%;height: 28px;text-align: center\">MERIGNAC<\/td>\n<td style=\"width: 19.4614%;height: 28px;text-align: center\">Bourran<\/td>\n<td style=\"width: 7.08769%;height: 28px;text-align: center\">M<\/td>\n<td style=\"width: 7.52769%;height: 28px;text-align: center\"><strong>M.<\/strong><\/td>\n<td style=\"width: 16.9643%;height: 28px;text-align: center\"><strong>PRADELS<\/strong><\/td>\n<td style=\"width: 16.2402%;height: 28px;text-align: center\"><strong>Jean-Claude<\/strong><\/td>\n<td style=\"width: 43.9478%;height: 28px;text-align: center\"><strong><em>\u00a0<\/em><span style=\"color: #0000ff\">Adh.<\/span>\u00a0<\/strong><\/td>\n<\/tr>\n<tr style=\"height: 28px\">\n<td style=\"width: 16.6511%;height: 28px;text-align: center\">MERIGNAC<\/td>\n<td style=\"width: 19.4614%;height: 28px;text-align: center\">Bourran<\/td>\n<td style=\"width: 7.08769%;height: 28px;text-align: center\">E<\/td>\n<td style=\"width: 7.52769%;height: 28px;text-align: center\"><strong>M.<\/strong><\/td>\n<td style=\"width: 16.9643%;height: 28px;text-align: center\"><strong>PRADELS<\/strong><\/td>\n<td style=\"width: 16.2402%;height: 28px;text-align: center\"><strong>Jean-Claude<\/strong><\/td>\n<td style=\"width: 43.9478%;height: 28px;text-align: center\"><strong><em>\u00a0<\/em><span style=\"color: #0000ff\">Adh.<\/span>\u00a0<\/strong><\/td>\n<\/tr>\n<tr style=\"height: 28px\">\n<td style=\"width: 16.6511%;height: 28px;text-align: center\">MERIGNAC<\/td>\n<td style=\"width: 19.4614%;height: 28px;text-align: center\">Buisson<\/td>\n<td style=\"width: 7.08769%;height: 28px;text-align: center\">P<\/td>\n<td style=\"width: 7.52769%;height: 28px;text-align: center\"><strong>Mme<\/strong><\/td>\n<td style=\"width: 16.9643%;height: 28px;text-align: center\"><strong>CASTERA<\/strong><\/td>\n<td style=\"width: 16.2402%;height: 28px;text-align: center\"><strong>Jacqueline<\/strong><\/td>\n<td style=\"width: 43.9478%;height: 28px;text-align: center\">\u00a0<\/td>\n<\/tr>\n<tr style=\"background-color: #fadf7f\">\n<td style=\"width: 16.6511%;height: 28px;text-align: center\">MERIGNAC<\/td>\n<td style=\"width: 19.4614%;height: 28px;text-align: center\">Baker<\/td>\n<td style=\"width: 7.08769%;height: 28px;text-align: center\">M<\/td>\n<td style=\"width: 7.52769%;height: 28px;text-align: center\">\u00a0<\/td>\n<td style=\"width: 16.9643%;height: 28px\">\u00a0<\/td>\n<td style=\"width: 16.2402%;height: 28px\">\u00a0<\/td>\n<td style=\"width: 43.9478%;height: 28px\">\u00a0<\/td>\n<\/tr>\n<tr style=\"background-color: #fadf7f\">\n<td style=\"width: 16.6511%;height: 28px;text-align: center\">MERIGNAC<\/td>\n<td style=\"width: 19.4614%;height: 28px;text-align: center\">Baker<\/td>\n<td style=\"width: 7.08769%;height: 28px;text-align: center\">E<\/td>\n<td style=\"width: 7.52769%;height: 28px;text-align: center\">\u00a0<\/td>\n<td style=\"width: 16.9643%;height: 28px\">\u00a0<\/td>\n<td style=\"width: 16.2402%;height: 28px\">\u00a0<\/td>\n<td style=\"width: 43.9478%;height: 28px\">\u00a0<\/td>\n<\/tr>\n<tr style=\"height: 28px\">\n<td style=\"width: 16.6511%;height: 28px;text-align: center;background-color: #fadf7f\">MERIGNAC<\/td>\n<td style=\"width: 19.4614%;height: 28px;text-align: center;background-color: #fadf7f\">Cabiran<\/td>\n<td style=\"width: 7.08769%;height: 28px;text-align: center;background-color: #fadf7f\">M<\/td>\n<td style=\"width: 7.52769%;height: 28px;text-align: center;background-color: #fadf7f\">\u00a0<\/td>\n<td style=\"width: 16.9643%;height: 28px;text-align: center;background-color: #fadf7f\">\u00a0<\/td>\n<td style=\"width: 16.2402%;height: 28px;text-align: center;background-color: #fadf7f\">\u00a0<\/td>\n<td style=\"width: 43.9478%;height: 28px;text-align: center;background-color: #fadf7f\">\u00a0<\/td>\n<\/tr>\n<tr style=\"height: 28px\">\n<td style=\"width: 16.6511%;height: 28px;text-align: center\">MERIGNAC<\/td>\n<td style=\"width: 19.4614%;height: 28px;text-align: center\">Eyquems<\/td>\n<td style=\"width: 7.08769%;height: 28px;text-align: center\">M<\/td>\n<td style=\"width: 7.52769%;height: 28px;text-align: center\"><strong>Mme<\/strong><\/td>\n<td style=\"width: 16.9643%;height: 28px;text-align: center\"><strong>AZANZA<\/strong><\/td>\n<td style=\"width: 16.2402%;height: 28px;text-align: center\"><strong>Fran\u00e7oise<\/strong><\/td>\n<td style=\"width: 43.9478%;height: 28px;text-align: center\">\u00a0<\/td>\n<\/tr>\n<tr style=\"height: 41px\">\n<td style=\"width: 16.6511%;text-align: center;height: 41px;background-color: #fadf7f\">MERIGNAC<\/td>\n<td style=\"width: 19.4614%;text-align: center;height: 41px;background-color: #fadf7f\">Ferry<\/td>\n<td style=\"width: 7.08769%;text-align: center;height: 41px;background-color: #fadf7f\">E<\/td>\n<td style=\"width: 7.52769%;text-align: center;height: 41px;background-color: #fadf7f\">\u00a0<\/td>\n<td style=\"width: 16.9643%;height: 41px;text-align: center;background-color: #fadf7f\">\u00a0<\/td>\n<td style=\"width: 16.2402%;height: 41px;text-align: center;background-color: #fadf7f\">\u00a0<\/td>\n<td style=\"width: 43.9478%;height: 41px;text-align: center;background-color: #fadf7f\">\u00a0<\/td>\n<\/tr>\n<tr style=\"height: 28px\">\n<td style=\"width: 16.6511%;text-align: center;height: 28px;background-color: #fadf7f\">MERIGNAC<\/td>\n<td style=\"width: 19.4614%;text-align: center;height: 28px;background-color: #fadf7f\">Flornoy<\/td>\n<td style=\"width: 7.08769%;text-align: center;height: 28px;background-color: #fadf7f\">M<\/td>\n<td style=\"width: 7.52769%;text-align: center;height: 28px;background-color: #fadf7f\">\u00a0<\/td>\n<td style=\"width: 16.9643%;text-align: center;height: 28px;background-color: #fadf7f\">\u00a0<\/td>\n<td style=\"width: 16.2402%;text-align: center;height: 28px;background-color: #fadf7f\">\u00a0<\/td>\n<td style=\"width: 43.9478%;height: 28px;text-align: center;background-color: #fadf7f\">\u00a0<\/td>\n<\/tr>\n<tr style=\"height: 28px;background-color: #fadf7f\">\n<td style=\"width: 16.6511%;height: 28px;text-align: center\">MERIGNAC<\/td>\n<td style=\"width: 19.4614%;height: 28px;text-align: center\">France<\/td>\n<td style=\"width: 7.08769%;height: 28px;text-align: center\">E<\/td>\n<td style=\"width: 7.52769%;height: 28px;text-align: center\">\u00a0<\/td>\n<td style=\"width: 16.9643%;height: 28px;text-align: center\">\u00a0<\/td>\n<td style=\"width: 16.2402%;height: 28px;text-align: center\">\u00a0<\/td>\n<td style=\"width: 43.9478%;height: 28px;text-align: center\">\u00a0<\/td>\n<\/tr>\n<tr style=\"height: 28px;background-color: #fadf7f\">\n<td style=\"width: 16.6511%;height: 28px;text-align: center\">MERIGNAC<\/td>\n<td style=\"width: 19.4614%;height: 28px;text-align: center\">Glaci\u00e8re<\/td>\n<td style=\"width: 7.08769%;height: 28px;text-align: center\">M<\/td>\n<td style=\"width: 7.52769%;height: 28px;text-align: center\">\u00a0<\/td>\n<td style=\"width: 16.9643%;height: 28px;text-align: center\">\u00a0<\/td>\n<td style=\"width: 16.2402%;height: 28px;text-align: center\">\u00a0<\/td>\n<td style=\"width: 43.9478%;height: 28px;text-align: center\">\u00a0<\/td>\n<\/tr>\n<tr style=\"height: 28px\">\n<td style=\"width: 16.6511%;height: 28px;text-align: center;background-color: #fadf7f\">MERIGNAC<\/td>\n<td style=\"width: 19.4614%;height: 28px;text-align: center;background-color: #fadf7f\">Herriot<\/td>\n<td style=\"width: 7.08769%;height: 28px;text-align: center;background-color: #fadf7f\">P<\/td>\n<td style=\"width: 7.52769%;height: 28px;text-align: center;background-color: #fadf7f\">\u00a0<\/td>\n<td style=\"width: 16.9643%;height: 28px;text-align: center;background-color: #fadf7f\">\u00a0<\/td>\n<td style=\"width: 16.2402%;height: 28px;text-align: center;background-color: #fadf7f\">\u00a0<\/td>\n<td style=\"width: 43.9478%;height: 28px;text-align: center;background-color: #fadf7f\">\u00a0<\/td>\n<\/tr>\n<tr style=\"height: 28px\">\n<td style=\"width: 16.6511%;height: 28px;text-align: center\">MERIGNAC<\/td>\n<td style=\"width: 19.4614%;height: 28px;text-align: center\">Jaur\u00e8s<\/td>\n<td style=\"width: 7.08769%;height: 28px;text-align: center\">M<\/td>\n<td style=\"width: 7.52769%;height: 28px;text-align: center\"><strong>M.<\/strong><\/td>\n<td style=\"width: 16.9643%;height: 28px;text-align: center\"><strong>LAMAISON<\/strong><\/td>\n<td style=\"width: 16.2402%;height: 28px;text-align: center\"><strong>Alain<\/strong><\/td>\n<td style=\"width: 43.9478%;height: 28px;text-align: center\">\u00a0<\/td>\n<\/tr>\n<tr style=\"height: 28px\">\n<td style=\"width: 16.6511%;height: 28px;text-align: center\">MERIGNAC<\/td>\n<td style=\"width: 19.4614%;height: 28px;text-align: center\">Jaur\u00e8s I<\/td>\n<td style=\"width: 7.08769%;height: 28px;text-align: center\">E<\/td>\n<td style=\"width: 7.52769%;height: 28px;text-align: center\"><strong>M.<\/strong><\/td>\n<td style=\"width: 16.9643%;height: 28px;text-align: center\"><strong>LAMAISON<\/strong><\/td>\n<td style=\"width: 16.2402%;height: 28px;text-align: center\"><strong>Alain<\/strong><\/td>\n<td style=\"width: 43.9478%;height: 28px;text-align: center\">\u00a0<\/td>\n<\/tr>\n<tr style=\"height: 28px\">\n<td style=\"width: 16.6511%;height: 28px;text-align: center\">MERIGNAC<\/td>\n<td style=\"width: 19.4614%;height: 28px;text-align: center\">Jaur\u00e8s II<\/td>\n<td style=\"width: 7.08769%;height: 28px;text-align: center\">E<\/td>\n<td style=\"width: 7.52769%;height: 28px;text-align: center\"><strong>M.<\/strong><\/td>\n<td style=\"width: 16.9643%;height: 28px;text-align: center\"><strong>LAMAISON<\/strong><\/td>\n<td style=\"width: 16.2402%;height: 28px;text-align: center\"><strong>Alain<\/strong><\/td>\n<td style=\"width: 43.9478%;text-align: center;height: 28px\">\u00a0<\/td>\n<\/tr>\n<tr style=\"height: 28px\">\n<td style=\"width: 16.6511%;height: 28px;text-align: center\">MERIGNAC<\/td>\n<td style=\"width: 19.4614%;height: 28px;text-align: center\">Arnaud Lafon<\/td>\n<td style=\"width: 7.08769%;height: 28px;text-align: center\">P<\/td>\n<td style=\"width: 7.52769%;height: 28px;text-align: center\"><strong>Mme<\/strong><\/td>\n<td style=\"width: 16.9643%;height: 28px;text-align: center\"><strong>ROUX<\/strong><\/td>\n<td style=\"width: 16.2402%;height: 28px;text-align: center\"><strong>Marie-Lise<\/strong><\/td>\n<td style=\"width: 43.9478%;text-align: center;height: 28px\"><em><span style=\"color: #339966\"><strong>Adh.<\/strong><\/span><\/em><\/td>\n<\/tr>\n<tr style=\"height: 41px\">\n<td style=\"width: 16.6511%;text-align: center;height: 41px;background-color: #fadf7f\">MERIGNAC<\/td>\n<td style=\"width: 19.4614%;text-align: center;height: 41px;background-color: #fadf7f\">Lapie<\/td>\n<td style=\"width: 7.08769%;text-align: center;height: 41px;background-color: #fadf7f\">M<\/td>\n<td style=\"width: 7.52769%;text-align: center;height: 41px;background-color: #fadf7f\">\u00a0<\/td>\n<td style=\"width: 16.9643%;height: 41px;text-align: center;background-color: #fadf7f\">\u00a0<\/td>\n<td style=\"width: 16.2402%;height: 41px;text-align: center;background-color: #fadf7f\">\u00a0<\/td>\n<td style=\"width: 43.9478%;text-align: center;height: 41px;background-color: #fadf7f\">\u00a0<\/td>\n<\/tr>\n<tr style=\"height: 41px\">\n<td style=\"width: 16.6511%;text-align: center;height: 41px;background-color: #fadf7f\">MERIGNAC<\/td>\n<td style=\"width: 19.4614%;text-align: center;height: 41px;background-color: #fadf7f\">Lapie<\/td>\n<td style=\"width: 7.08769%;text-align: center;height: 41px;background-color: #fadf7f\">E<\/td>\n<td style=\"width: 7.52769%;text-align: center;height: 41px;background-color: #fadf7f\">\u00a0<\/td>\n<td style=\"width: 16.9643%;height: 41px;text-align: center;background-color: #fadf7f\">\u00a0<\/td>\n<td style=\"width: 16.2402%;height: 41px;text-align: center;background-color: #fadf7f\">\u00a0<\/td>\n<td style=\"width: 43.9478%;text-align: center;height: 41px;background-color: #fadf7f\">\u00a0<\/td>\n<\/tr>\n<tr style=\"height: 41px\">\n<td style=\"width: 16.6511%;text-align: center;height: 56px;background-color: #ffffff\">MERIGNAC<\/td>\n<td style=\"width: 19.4614%;text-align: center;height: 56px;background-color: #ffffff\">Mac\u00e9<\/td>\n<td style=\"width: 7.08769%;text-align: center;height: 56px;background-color: #ffffff\">M<\/td>\n<td style=\"width: 7.52769%;text-align: center;height: 56px;background-color: #ffffff\"><strong>Mme<\/strong><\/td>\n<td style=\"width: 16.9643%;text-align: center;height: 56px;background-color: #ffffff\"><strong>MALBEC<\/strong><\/td>\n<td style=\"width: 16.2402%;text-align: center;height: 56px;background-color: #ffffff\"><strong>Laetitia<\/strong><\/td>\n<td style=\"width: 43.9478%;text-align: center;height: 56px;background-color: #ffffff\"><span style=\"color: #ff6600\"><strong><span style=\"color: #0000ff\"><span style=\"color: #339966\">Adh.<\/span><\/span><\/strong><\/span><\/td>\n<\/tr>\n<tr style=\"height: 28px;background-color: #fadf7f\">\n<td style=\"width: 16.6511%;height: 28px;text-align: center;background-color: #ffffff\">MERIGNAC<\/td>\n<td style=\"width: 19.4614%;height: 28px;text-align: center;background-color: #ffffff\">Mac\u00e9<\/td>\n<td style=\"width: 7.08769%;height: 28px;text-align: center;background-color: #ffffff\">E<\/td>\n<td style=\"width: 7.52769%;height: 28px;text-align: center;background-color: #ffffff\"><strong>Mme<\/strong><\/td>\n<td style=\"width: 16.9643%;height: 28px;text-align: center;background-color: #ffffff\"><strong>MALBEC<\/strong><\/td>\n<td style=\"width: 16.2402%;height: 28px;text-align: center;background-color: #ffffff\"><strong>Laetitia<\/strong><\/td>\n<td style=\"width: 43.9478%;text-align: center;height: 28px;background-color: #ffffff\"><span style=\"color: #ff6600\"><strong><span style=\"color: #0000ff\"><span style=\"color: #339966\">Adh.<\/span><\/span><\/strong><\/span><\/td>\n<\/tr>\n<tr style=\"height: 27px\">\n<td style=\"width: 16.6511%;text-align: center;height: 27px\">MERIGNAC<\/td>\n<td style=\"width: 19.4614%;text-align: center;height: 27px\">Saint-Marie<\/td>\n<td style=\"width: 7.08769%;text-align: center;height: 27px\">P<\/td>\n<td style=\"width: 7.52769%;text-align: center;height: 27px\"><strong>Mme<\/strong><\/td>\n<td style=\"width: 16.9643%;text-align: center;height: 27px\"><strong>MAURIN<\/strong><\/td>\n<td style=\"width: 16.2402%;text-align: center;height: 27px\"><strong>Lydie<\/strong><\/td>\n<td style=\"width: 43.9478%;text-align: center;height: 27px\">\u00a0<\/td>\n<\/tr>\n<tr style=\"height: 28px;background-color: #fadf7f\">\n<td style=\"width: 16.6511%;height: 28px;text-align: center;background-color: #ffffff\">MERIGNAC<\/td>\n<td style=\"width: 19.4614%;height: 28px;text-align: center;background-color: #ffffff\">Parc du Ch\u00e2teau<\/td>\n<td style=\"width: 7.08769%;height: 28px;text-align: center;background-color: #ffffff\">M<\/td>\n<td style=\"width: 7.52769%;height: 28px;text-align: center;background-color: #ffffff\"><strong>Mme<\/strong><\/td>\n<td style=\"width: 16.9643%;height: 28px;text-align: center;background-color: #ffffff\"><strong>MALBEC<\/strong><\/td>\n<td style=\"width: 16.2402%;height: 28px;text-align: center;background-color: #ffffff\"><strong>Laetitia<\/strong><\/td>\n<td style=\"width: 43.9478%;text-align: center;height: 28px;background-color: #ffffff\"><span style=\"color: #ff6600\"><strong><span style=\"color: #0000ff\"><span style=\"color: #339966\">Adh.<\/span><\/span><\/strong><\/span><\/td>\n<\/tr>\n<tr style=\"height: 28px\">\n<td style=\"width: 16.6511%;height: 28px;text-align: center\">MERIGNAC<\/td>\n<td style=\"width: 19.4614%;height: 28px;text-align: center\">Parc du Ch\u00e2teau<\/td>\n<td style=\"width: 7.08769%;height: 28px;text-align: center\">E<\/td>\n<td style=\"width: 7.52769%;height: 28px;text-align: center\"><strong>Mme<\/strong><\/td>\n<td style=\"width: 16.9643%;height: 28px;text-align: center\"><strong>MALBEC<\/strong><\/td>\n<td style=\"width: 16.2402%;height: 28px;text-align: center\"><strong>Laetitia<\/strong><\/td>\n<td style=\"width: 43.9478%;height: 28px;text-align: center\"><span style=\"color: #ff6600\"><strong><span style=\"color: #0000ff\"><span style=\"color: #339966\">Adh.<\/span><\/span><\/strong><\/span><\/td>\n<\/tr>\n<tr style=\"height: 28px\">\n<td style=\"width: 16.6511%;height: 28px;text-align: center;background-color: #fadf7f\">MERIGNAC<\/td>\n<td style=\"width: 19.4614%;height: 28px;text-align: center;background-color: #fadf7f\">Peychotte<\/td>\n<td style=\"width: 7.08769%;height: 28px;text-align: center;background-color: #fadf7f\">M<\/td>\n<td style=\"width: 7.52769%;height: 28px;text-align: center;background-color: #fadf7f\">\u00a0<\/td>\n<td style=\"width: 16.9643%;height: 28px;text-align: center;background-color: #fadf7f\">\u00a0<\/td>\n<td style=\"width: 16.2402%;height: 28px;text-align: center;background-color: #fadf7f\">\u00a0<\/td>\n<td style=\"width: 43.9478%;height: 28px;text-align: left;background-color: #fadf7f\">\u00a0<\/td>\n<\/tr>\n<tr style=\"height: 28px\">\n<td style=\"width: 16.6511%;height: 28px;text-align: center;background-color: #fadf7f\">MERIGNAC<\/td>\n<td style=\"width: 19.4614%;height: 28px;text-align: center;background-color: #fadf7f\">Pont de Madame<\/td>\n<td style=\"width: 7.08769%;height: 28px;text-align: center;background-color: #fadf7f\">M<\/td>\n<td style=\"width: 7.52769%;height: 28px;text-align: center;background-color: #fadf7f\">\u00a0<\/td>\n<td style=\"width: 16.9643%;height: 28px;text-align: center;background-color: #fadf7f\">\u00a0<\/td>\n<td style=\"width: 16.2402%;height: 28px;text-align: center;background-color: #fadf7f\">\u00a0<\/td>\n<td style=\"width: 43.9478%;height: 28px;text-align: center;background-color: #fadf7f\">\u00a0<\/td>\n<\/tr>\n<tr style=\"height: 27px\">\n<td style=\"width: 16.6511%;text-align: center;height: 27px;background-color: #ffffff\">MERIGNAC<\/td>\n<td style=\"width: 19.4614%;text-align: center;height: 27px;background-color: #ffffff\">Rosa Bonheur<\/td>\n<td style=\"width: 7.08769%;text-align: center;height: 27px;background-color: #ffffff\">P<\/td>\n<td style=\"width: 7.52769%;text-align: center;height: 27px;background-color: #ffffff\"><strong>Mme<\/strong><\/td>\n<td style=\"width: 16.9643%;text-align: center;height: 27px;background-color: #ffffff\"><strong>ROUX<\/strong><\/td>\n<td style=\"width: 16.2402%;text-align: center;height: 27px;background-color: #ffffff\"><strong>Marie-Lise<\/strong><\/td>\n<td style=\"width: 43.9478%;text-align: center;height: 27px;background-color: #ffffff\"><em><span style=\"color: #339966\"><strong>Adh.<\/strong><\/span><\/em><\/td>\n<\/tr>\n<\/tbody>\n<\/table>\n<\/div>","protected":false},"excerpt":{"rendered":"<p>voir la page D\u00e9l\u00e9gation de MERIGNAC. Dans ce tableau, vous pouvez lire pour chaque commune de la d\u00e9l\u00e9gation (Circonscription de l\u2019IEN), le nom des \u00e9coles, le nom du DDEN ou de la DDEN nomm\u00e9 (e). Pour chacune de ces deux d\u00e9l\u00e9gations vous pouvez lire les comptes-rendus des r\u00e9unions en vous rendant dans la rubrique, ci-dessus,\u00a0 &hellip; <a href=\"https:\/\/dden33.org\/merignac\/dden\/\" class=\"more-link\">Continuer la lecture de <span class=\"screen-reader-text\">DDEN<\/span> <span class=\"meta-nav\">&rarr;<\/span><\/a><\/p>\n","protected":false},"author":2,"featured_media":0,"parent":0,"menu_order":0,"comment_status":"closed","ping_status":"closed","template":"","meta":{"_bbp_topic_count":0,"_bbp_reply_count":0,"_bbp_total_topic_count":0,"_bbp_total_reply_count":0,"_bbp_voice_count":0,"_bbp_anonymous_reply_count":0,"_bbp_topic_count_hidden":0,"_bbp_reply_count_hidden":0,"_bbp_forum_subforum_count":0,"footnotes":""},"class_list":["post-9","page","type-page","status-publish","hentry"],"_links":{"self":[{"href":"https:\/\/dden33.org\/merignac\/wp-json\/wp\/v2\/pages\/9","targetHints":{"allow":["GET"]}}],"collection":[{"href":"https:\/\/dden33.org\/merignac\/wp-json\/wp\/v2\/pages"}],"about":[{"href":"https:\/\/dden33.org\/merignac\/wp-json\/wp\/v2\/types\/page"}],"author":[{"embeddable":true,"href":"https:\/\/dden33.org\/merignac\/wp-json\/wp\/v2\/users\/2"}],"replies":[{"embeddable":true,"href":"https:\/\/dden33.org\/merignac\/wp-json\/wp\/v2\/comments?post=9"}],"version-history":[{"count":37,"href":"https:\/\/dden33.org\/merignac\/wp-json\/wp\/v2\/pages\/9\/revisions"}],"predecessor-version":[{"id":146,"href":"https:\/\/dden33.org\/merignac\/wp-json\/wp\/v2\/pages\/9\/revisions\/146"}],"wp:attachment":[{"href":"https:\/\/dden33.org\/merignac\/wp-json\/wp\/v2\/media?parent=9"}],"curies":[{"name":"wp","href":"https:\/\/api.w.org\/{rel}","templated":true}]}}