{"id":144,"date":"2016-07-01T10:35:03","date_gmt":"2016-07-01T08:35:03","guid":{"rendered":"https:\/\/dden33.org\/saint-medard\/?page_id=144"},"modified":"2026-03-26T11:04:15","modified_gmt":"2026-03-26T10:04:15","slug":"dden","status":"publish","type":"page","link":"https:\/\/dden33.org\/saint-medard\/dden\/","title":{"rendered":"DDEN"},"content":{"rendered":"\n<p><strong>Dans ce tableau, vous pouvez lire pour chaque commune de la d\u00e9l\u00e9gation (Circonscription de l\u2019IEN), le nom des \u00e9coles, le nom du DDEN ou de la DDEN nomm\u00e9 (e).<\/strong><\/p>\n<p><em>NB : La derni\u00e8re colonne mentionne si le DDEN est adh\u00e9rent de l\u2019UNION DDEN33.<strong><span style=\"color: #ff6600\">Adh.<\/span><\/strong>signifie qu\u2019il est adh\u00e9rent en 2024,<\/em>&nbsp;<span style=\"color: #0000ff\"><strong>Adh.<\/strong><\/span>&nbsp;<em>indique qu\u2019il est adh\u00e9rent en 2025. <strong><span style=\"color: #008000\"> Adh. <\/span><\/strong><span style=\"color: #000000\">pour une dah\u00e9sion en 2026. <\/span>Nous vous invitons \u00e0 adh\u00e9rer vous aussi \u00e0 l\u2019UNION 33. Remplir la fiche d\u2019adh\u00e9sion&nbsp;<\/em><a href=\"https:\/\/dden33.org\/arcachon-nord\/wp-content\/uploads\/sites\/5\/2024\/12\/appel-Cotisation-2025.pdf\">en cliquant ICI .<\/a><\/p>\n<p><span style=\"color: #0000ff\"><strong>Tableau mis \u00e0 jour le 29 janvier&nbsp; 2026.&nbsp;<\/strong><\/span><\/p>\n\n\n<div>\n<table style=\"width: 129.781%;height: 1255px\">\n<tbody>\n<tr style=\"height: 28px;background-color: #0070f7\">\n<td style=\"width: 16.4725%;height: 28px;text-align: center\"><span style=\"color: #ffffff\"><strong>COMMUNE<\/strong><\/span><\/td>\n<td style=\"width: 14.7779%;height: 28px;text-align: center\"><span style=\"color: #ffffff\"><strong>NOM ECOLE<\/strong><\/span><\/td>\n<td style=\"width: 5.10466%;height: 28px;text-align: center\"><span style=\"color: #ffffff\"><strong>TYPE<\/strong><\/span><\/td>\n<td style=\"width: 5.97626%;height: 28px;text-align: center\"><span style=\"color: #ffffff\"><strong>Civilit\u00e9<\/strong><\/span><\/td>\n<td style=\"width: 18.5033%;height: 28px;text-align: center\"><span style=\"color: #ffffff\"><strong>NOM<\/strong><\/span><\/td>\n<td style=\"width: 14.1323%;height: 28px;text-align: center\"><span style=\"color: #ffffff\"><strong>PRENOM<\/strong><\/span><\/td>\n<td style=\"width: 17.7776%;text-align: center;height: 28px\"><span style=\"color: #ffffff\"><strong>ADHESION\u00a0<\/strong><\/span><\/td>\n<\/tr>\n<tr style=\"height: 28px\">\n<td style=\"width: 16.4725%;height: 28px;text-align: center;background-color: #fadf7f\">LE HAILLAN<\/td>\n<td style=\"width: 14.7779%;height: 28px;text-align: center;background-color: #fadf7f\">Centre<\/td>\n<td style=\"width: 5.10466%;height: 28px;text-align: center;background-color: #fadf7f\">M<\/td>\n<td style=\"width: 5.97626%;height: 28px;text-align: center;background-color: #fadf7f\">\u00a0<\/td>\n<td style=\"width: 18.5033%;height: 28px;text-align: center;background-color: #fadf7f\">\u00a0<\/td>\n<td style=\"width: 14.1323%;height: 28px;text-align: center;background-color: #fadf7f\">\u00a0<\/td>\n<td style=\"width: 17.7776%;text-align: center;height: 28px;background-color: #fadf7f\">\u00a0<\/td>\n<\/tr>\n<tr style=\"height: 28px\">\n<td style=\"width: 16.4725%;height: 28px;text-align: center;background-color: #fadf7f\">LE HAILLAN<\/td>\n<td style=\"width: 14.7779%;height: 28px;text-align: center;background-color: #fadf7f\">Centre<\/td>\n<td style=\"width: 5.10466%;height: 28px;text-align: center;background-color: #fadf7f\">E<\/td>\n<td style=\"width: 5.97626%;height: 28px;text-align: center;background-color: #fadf7f\">\u00a0<\/td>\n<td style=\"width: 18.5033%;height: 28px;text-align: center;background-color: #fadf7f\">\u00a0<\/td>\n<td style=\"width: 14.1323%;height: 28px;text-align: center;background-color: #fadf7f\">\u00a0<\/td>\n<td style=\"width: 17.7776%;text-align: center;height: 28px;background-color: #fadf7f\">\u00a0<\/td>\n<\/tr>\n<tr style=\"height: 28px;background-color: #fadf7f\">\n<td style=\"width: 16.4725%;height: 28px;text-align: center\">LE HAILLAN<\/td>\n<td style=\"width: 14.7779%;height: 28px;text-align: center\">La Luzerne<\/td>\n<td style=\"width: 5.10466%;height: 28px;text-align: center\">M<\/td>\n<td style=\"width: 5.97626%;height: 28px;text-align: center\">\u00a0<\/td>\n<td style=\"width: 18.5033%;height: 28px;text-align: center\">\u00a0<\/td>\n<td style=\"width: 14.1323%;height: 28px;text-align: center\">\u00a0<\/td>\n<td style=\"width: 17.7776%;text-align: center;height: 28px\">\u00a0<\/td>\n<\/tr>\n<tr style=\"height: 28px;background-color: #fadf7f\">\n<td style=\"width: 16.4725%;height: 28px;text-align: center\">LE HAILLAN<\/td>\n<td style=\"width: 14.7779%;height: 28px;text-align: center\">La Luzerne<\/td>\n<td style=\"width: 5.10466%;height: 28px;text-align: center\">E<\/td>\n<td style=\"width: 5.97626%;height: 28px;text-align: center\">\u00a0<\/td>\n<td style=\"width: 18.5033%;height: 28px;text-align: center\">\u00a0<\/td>\n<td style=\"width: 14.1323%;height: 28px;text-align: center\">\u00a0<\/td>\n<td style=\"width: 17.7776%;text-align: center;height: 28px\">\u00a0<\/td>\n<\/tr>\n<tr style=\"height: 28px\">\n<td style=\"width: 16.4725%;height: 28px;text-align: center;background-color: #fadf7f\">LE HAILLAN<\/td>\n<td style=\"width: 14.7779%;height: 28px;text-align: center;background-color: #fadf7f\">Les Tauzins<\/td>\n<td style=\"width: 5.10466%;height: 28px;text-align: center;background-color: #fadf7f\">M<\/td>\n<td style=\"width: 5.97626%;height: 28px;text-align: center;background-color: #fadf7f\">\u00a0<\/td>\n<td style=\"width: 18.5033%;height: 28px;text-align: center;background-color: #fadf7f\">\u00a0<\/td>\n<td style=\"width: 14.1323%;height: 28px;text-align: center;background-color: #fadf7f\">\u00a0<\/td>\n<td style=\"width: 17.7776%;text-align: center;height: 28px;background-color: #fadf7f\">\u00a0<\/td>\n<\/tr>\n<tr style=\"height: 28px;background-color: #fadf7f\">\n<td style=\"width: 16.4725%;height: 28px;text-align: center\">MARTIGNAS SUR JALLE<\/td>\n<td style=\"width: 14.7779%;height: 28px;text-align: center\">Aim\u00e9 C\u00e9saire<\/td>\n<td style=\"width: 5.10466%;height: 28px;text-align: center\">E<\/td>\n<td style=\"width: 5.97626%;height: 28px;text-align: center\">\u00a0<\/td>\n<td style=\"width: 18.5033%;height: 28px\">\u00a0<\/td>\n<td style=\"width: 14.1323%;height: 28px\">\u00a0<\/td>\n<td style=\"width: 17.7776%;height: 28px\">\u00a0<\/td>\n<\/tr>\n<tr style=\"height: 28px;background-color: #fadf7f\">\n<td style=\"width: 16.4725%;height: 28px;text-align: center\">MARTIGNAS SUR JALLE<\/td>\n<td style=\"width: 14.7779%;height: 28px;text-align: center\">Flora Tristan<\/td>\n<td style=\"width: 5.10466%;height: 28px;text-align: center\">M<\/td>\n<td style=\"width: 5.97626%;height: 28px;text-align: center\">\u00a0<\/td>\n<td style=\"width: 18.5033%;height: 28px\">\u00a0<\/td>\n<td style=\"width: 14.1323%;height: 28px\">\u00a0<\/td>\n<td style=\"width: 17.7776%;height: 28px\">\u00a0<\/td>\n<\/tr>\n<tr style=\"height: 28px;background-color: #fadf7f\">\n<td style=\"width: 16.4725%;height: 28px;text-align: center\">MARTIGNAS SUR JALLE<\/td>\n<td style=\"width: 14.7779%;height: 28px;text-align: center\">La Fontaine<\/td>\n<td style=\"width: 5.10466%;height: 28px;text-align: center\">E<\/td>\n<td style=\"width: 5.97626%;height: 28px;text-align: center\">\u00a0<\/td>\n<td style=\"width: 18.5033%;height: 28px\">\u00a0<\/td>\n<td style=\"width: 14.1323%;height: 28px\">\u00a0<\/td>\n<td style=\"width: 17.7776%;height: 28px\">\u00a0<\/td>\n<\/tr>\n<tr style=\"height: 28px;background-color: #fadf7f\">\n<td style=\"width: 16.4725%;height: 28px;text-align: center\">MARTIGNAS SUR JALLE<\/td>\n<td style=\"width: 14.7779%;height: 28px;text-align: center\">Castagnet<\/td>\n<td style=\"width: 5.10466%;height: 28px;text-align: center\">M<\/td>\n<td style=\"width: 5.97626%;height: 28px;text-align: center\">\u00a0<\/td>\n<td style=\"width: 18.5033%;height: 28px\">\u00a0<\/td>\n<td style=\"width: 14.1323%;height: 28px\">\u00a0<\/td>\n<td style=\"width: 17.7776%;height: 28px\">\u00a0<\/td>\n<\/tr>\n<tr style=\"height: 28px\">\n<td style=\"width: 16.4725%;height: 28px;text-align: center\">SALAUNES<\/td>\n<td style=\"width: 14.7779%;height: 28px;text-align: center\">\u00a0<\/td>\n<td style=\"width: 5.10466%;height: 28px;text-align: center\">P<\/td>\n<td style=\"width: 5.97626%;height: 28px;text-align: center\"><strong>M.<\/strong><\/td>\n<td style=\"width: 18.5033%;height: 28px;text-align: center\"><strong>LAHITTE<\/strong><\/td>\n<td style=\"width: 14.1323%;height: 28px;text-align: center\"><strong>Pierre<\/strong><\/td>\n<td style=\"width: 17.7776%;text-align: center;height: 28px\"><span style=\"color: #ff6600\"><strong>Adh.<\/strong><\/span><\/td>\n<\/tr>\n<tr style=\"height: 28px\">\n<td style=\"width: 16.4725%;height: 28px;text-align: center;background-color: #ffffff\">SAINT AUBIN DE MEDOC<\/td>\n<td style=\"width: 14.7779%;height: 28px;text-align: center;background-color: #ffffff\">La Fontaine<\/td>\n<td style=\"width: 5.10466%;height: 28px;text-align: center;background-color: #ffffff\">P<\/td>\n<td style=\"width: 5.97626%;height: 28px;text-align: center;background-color: #fafafa\"><strong>Mme<\/strong><\/td>\n<td style=\"width: 18.5033%;height: 28px;text-align: center;background-color: #fafafa\"><strong>LE BRAS-LESTREMAU<\/strong><\/td>\n<td style=\"width: 14.1323%;height: 28px;text-align: center;background-color: #fafafa\"><strong>Sylvie<\/strong><\/td>\n<td style=\"width: 17.7776%;background-color: #fafafa;text-align: center;height: 28px\"><span style=\"color: #ff6600\"><strong><span style=\"color: #0000ff\">Adh. <em> <span style=\"color: #008000\">Adh.<\/span><\/em><\/span><\/strong><\/span><\/td>\n<\/tr>\n<tr style=\"height: 28px\">\n<td style=\"width: 16.4725%;height: 28px;text-align: center;background-color: #ffffff\">SAINT AUBIN DE MEDOC<\/td>\n<td style=\"width: 14.7779%;height: 28px;text-align: center;background-color: #ffffff\">Moli\u00e8re<\/td>\n<td style=\"width: 5.10466%;height: 28px;text-align: center;background-color: #ffffff\">E<\/td>\n<td style=\"width: 5.97626%;height: 28px;text-align: center;background-color: #fafafa\"><strong>Mme<\/strong><\/td>\n<td style=\"width: 18.5033%;height: 28px;text-align: center;background-color: #fafafa\"><strong>LE BRAS-LESTREMAU<\/strong><\/td>\n<td style=\"width: 14.1323%;height: 28px;text-align: center;background-color: #fafafa\"><strong>Sylvie<\/strong><\/td>\n<td style=\"width: 17.7776%;background-color: #fafafa;text-align: center;height: 28px\"><span style=\"color: #ff6600\"><strong><span style=\"color: #0000ff\">Adh. <em> <span style=\"color: #008000\">Adh.<\/span><\/em><\/span><\/strong><\/span><\/td>\n<\/tr>\n<tr style=\"height: 28px\">\n<td style=\"width: 16.4725%;height: 28px;text-align: center;background-color: #ffffff\">SAINT AUBIN DE MEDOC<\/td>\n<td style=\"width: 14.7779%;height: 28px;text-align: center;background-color: #ffffff\">Perrault<\/td>\n<td style=\"width: 5.10466%;height: 28px;text-align: center;background-color: #ffffff\">M<\/td>\n<td style=\"width: 5.97626%;height: 28px;text-align: center;background-color: #fafafa\"><strong>Mme<\/strong><\/td>\n<td style=\"width: 18.5033%;height: 28px;text-align: center;background-color: #fafafa\"><strong>LE BRAS-LESTREMAU<\/strong><\/td>\n<td style=\"width: 14.1323%;height: 28px;text-align: center;background-color: #fafafa\"><strong>Sylvie<\/strong><\/td>\n<td style=\"width: 17.7776%;background-color: #fafafa;text-align: center;height: 28px\"><span style=\"color: #ff6600\"><strong><span style=\"color: #0000ff\">Adh. <em> <span style=\"color: #008000\">Adh.<\/span><\/em><\/span><\/strong><\/span><\/td>\n<\/tr>\n<tr style=\"height: 28px\">\n<td style=\"width: 16.4725%;height: 28px;text-align: center\">SAINT MEDARD EN JALLES<\/td>\n<td style=\"width: 14.7779%;height: 28px;text-align: center\">Carri\u00e9<\/td>\n<td style=\"width: 5.10466%;height: 28px;text-align: center\">M<\/td>\n<td style=\"width: 5.97626%;height: 28px;text-align: center\"><strong>Mme<\/strong><\/td>\n<td style=\"width: 18.5033%;height: 28px;text-align: center\"><strong>GACHASSIN<\/strong><\/td>\n<td style=\"width: 14.1323%;height: 28px;text-align: center\"><strong>Martine<\/strong><\/td>\n<td style=\"width: 17.7776%;text-align: center;height: 28px\"><span style=\"color: #ff6600\"><strong>Adh. <span style=\"color: #008000\"> Adh.<\/span><\/strong><\/span><\/td>\n<\/tr>\n<tr style=\"height: 28px\">\n<td style=\"width: 16.4725%;height: 28px;text-align: center\">SAINT MEDARD EN JALLES<\/td>\n<td style=\"width: 14.7779%;height: 28px;text-align: center\">Carri\u00e9<\/td>\n<td style=\"width: 5.10466%;height: 28px;text-align: center\">E<\/td>\n<td style=\"width: 5.97626%;height: 28px;text-align: center\"><strong>Mme<\/strong><\/td>\n<td style=\"width: 18.5033%;height: 28px;text-align: center\"><strong>GACHASSIN<\/strong><\/td>\n<td style=\"width: 14.1323%;height: 28px;text-align: center\"><strong>Martine<\/strong><\/td>\n<td style=\"width: 17.7776%;text-align: center;height: 28px\"><span style=\"color: #ff6600\"><strong>Adh. <span style=\"color: #008000\"> Adh.<\/span><\/strong><\/span><\/td>\n<\/tr>\n<tr style=\"height: 28px\">\n<td style=\"width: 16.4725%;height: 28px;text-align: center;background-color: #fadf7f\">SAINT MEDARD EN JALLES<\/td>\n<td style=\"width: 14.7779%;height: 28px;text-align: center;background-color: #fadf7f\">Cerillan \/ Lacoude<\/td>\n<td style=\"width: 5.10466%;height: 28px;text-align: center;background-color: #fadf7f\">P<\/td>\n<td style=\"width: 5.97626%;height: 28px;text-align: center;background-color: #fadf7f\">\u00a0<\/td>\n<td style=\"width: 18.5033%;height: 28px;text-align: center;background-color: #fadf7f\">\u00a0<\/td>\n<td style=\"width: 14.1323%;height: 28px;text-align: center;background-color: #fadf7f\">\u00a0<\/td>\n<td style=\"width: 17.7776%;text-align: center;height: 28px;background-color: #fadf7f\">\u00a0<\/td>\n<\/tr>\n<tr style=\"height: 28px\">\n<td style=\"width: 16.4725%;height: 28px;text-align: center;background-color: #fadf7f\">SAINT MEDARD EN JALLES<\/td>\n<td style=\"width: 14.7779%;height: 28px;text-align: center;background-color: #fadf7f\">Corbiac<\/td>\n<td style=\"width: 5.10466%;height: 28px;text-align: center;background-color: #fadf7f\">M<\/td>\n<td style=\"width: 5.97626%;height: 28px;text-align: center;background-color: #fadf7f\">\u00a0<\/td>\n<td style=\"width: 18.5033%;height: 28px;text-align: center;background-color: #fadf7f\">\u00a0<\/td>\n<td style=\"width: 14.1323%;height: 28px;text-align: center;background-color: #fadf7f\">\u00a0<\/td>\n<td style=\"width: 17.7776%;text-align: center;height: 28px;background-color: #fadf7f\">\u00a0<\/td>\n<\/tr>\n<tr style=\"height: 28px\">\n<td style=\"width: 16.4725%;height: 28px;text-align: center;background-color: #fadf7f\">SAINT MEDARD EN JALLES<\/td>\n<td style=\"width: 14.7779%;height: 28px;text-align: center;background-color: #fadf7f\">Corbiac<\/td>\n<td style=\"width: 5.10466%;height: 28px;text-align: center;background-color: #fadf7f\">E<\/td>\n<td style=\"width: 5.97626%;height: 28px;text-align: center;background-color: #fadf7f\">\u00a0<\/td>\n<td style=\"width: 18.5033%;height: 28px;text-align: center;background-color: #fadf7f\">\u00a0<\/td>\n<td style=\"width: 14.1323%;height: 28px;text-align: center;background-color: #fadf7f\">\u00a0<\/td>\n<td style=\"width: 17.7776%;text-align: center;height: 28px;background-color: #fadf7f\">\u00a0<\/td>\n<\/tr>\n<tr style=\"height: 28px;background-color: #fadf7f\">\n<td style=\"width: 16.4725%;height: 28px;text-align: center\">SAINT MEDARD EN JALLES<\/td>\n<td style=\"width: 14.7779%;height: 28px;text-align: center\">Gajac<\/td>\n<td style=\"width: 5.10466%;height: 28px;text-align: center\">E<\/td>\n<td style=\"width: 5.97626%;height: 28px;text-align: center\">\u00a0<\/td>\n<td style=\"width: 18.5033%;height: 28px\">\u00a0<\/td>\n<td style=\"width: 14.1323%;height: 28px\">\u00a0<\/td>\n<td style=\"width: 17.7776%;text-align: center;height: 28px\">\u00a0<\/td>\n<\/tr>\n<tr style=\"height: 28px;background-color: #fadf7f\">\n<td style=\"width: 16.4725%;height: 28px;text-align: center;background-color: #fadf7f\">SAINT MEDARD EN JALLES<\/td>\n<td style=\"width: 14.7779%;height: 28px;text-align: center;background-color: #fadf7f\">Garenne<\/td>\n<td style=\"width: 5.10466%;height: 28px;text-align: center;background-color: #fadf7f\">M<\/td>\n<td style=\"width: 5.97626%;height: 28px;text-align: center;background-color: #fadf7f\">\u00a0<\/td>\n<td style=\"width: 18.5033%;height: 28px;text-align: center;background-color: #fadf7f\">\u00a0<\/td>\n<td style=\"width: 14.1323%;height: 28px;text-align: center;background-color: #fadf7f\">\u00a0<\/td>\n<td style=\"width: 17.7776%;text-align: center;height: 28px;background-color: #fadf7f\">\u00a0<\/td>\n<\/tr>\n<tr style=\"height: 28px;background-color: #fadf7f\">\n<td style=\"width: 16.4725%;height: 28px;text-align: center;background-color: #fadf7f\">SAINT MEDARD EN JALLES<\/td>\n<td style=\"width: 14.7779%;height: 28px;text-align: center;background-color: #fadf7f\">Garenne<\/td>\n<td style=\"width: 5.10466%;height: 28px;text-align: center;background-color: #fadf7f\">E<\/td>\n<td style=\"width: 5.97626%;height: 28px;text-align: center;background-color: #fadf7f\">\u00a0<\/td>\n<td style=\"width: 18.5033%;height: 28px;text-align: center;background-color: #fadf7f\">\u00a0<\/td>\n<td style=\"width: 14.1323%;height: 28px;text-align: center;background-color: #fadf7f\">\u00a0<\/td>\n<td style=\"width: 17.7776%;height: 28px;text-align: center;background-color: #fadf7f\">\u00a0<\/td>\n<\/tr>\n<tr style=\"height: 28px;background-color: #fadf7f\">\n<td style=\"width: 16.4725%;height: 28px;text-align: center;background-color: #fadf7f\">SAINT MEDARD EN JALLES<\/td>\n<td style=\"width: 14.7779%;height: 28px;text-align: center;background-color: #fadf7f\">Hastignan<\/td>\n<td style=\"width: 5.10466%;height: 28px;text-align: center;background-color: #fadf7f\">M<\/td>\n<td style=\"width: 5.97626%;height: 28px;text-align: center;background-color: #fadf7f\">\u00a0<\/td>\n<td style=\"width: 18.5033%;height: 28px;text-align: center;background-color: #fadf7f\">\u00a0<\/td>\n<td style=\"width: 14.1323%;height: 28px;text-align: center;background-color: #fadf7f\">\u00a0<\/td>\n<td style=\"width: 17.7776%;height: 28px;text-align: center;background-color: #fadf7f\">\u00a0<\/td>\n<\/tr>\n<tr style=\"height: 28px;background-color: #fadf7f\">\n<td style=\"width: 16.4725%;height: 28px;text-align: center;background-color: #fadf7f\">SAINT MEDARD EN JALLES<\/td>\n<td style=\"width: 14.7779%;height: 28px;text-align: center;background-color: #fadf7f\">Hastignan<\/td>\n<td style=\"width: 5.10466%;height: 28px;text-align: center;background-color: #fadf7f\">E<\/td>\n<td style=\"width: 5.97626%;height: 28px;text-align: center;background-color: #fadf7f\">\u00a0<\/td>\n<td style=\"width: 18.5033%;height: 28px;text-align: center;background-color: #fadf7f\">\u00a0<\/td>\n<td style=\"width: 14.1323%;height: 28px;text-align: center;background-color: #fadf7f\">\u00a0<\/td>\n<td style=\"width: 17.7776%;height: 28px;text-align: center;background-color: #fadf7f\">\u00a0<\/td>\n<\/tr>\n<tr style=\"height: 28px\">\n<td style=\"width: 16.4725%;height: 28px;text-align: center;background-color: #fadf7f\">SAINT MEDARD EN JALLES<\/td>\n<td style=\"width: 14.7779%;height: 28px;text-align: center;background-color: #fadf7f\">Montaigne<\/td>\n<td style=\"width: 5.10466%;height: 28px;text-align: center;background-color: #fadf7f\">M<\/td>\n<td style=\"width: 5.97626%;height: 28px;text-align: center;background-color: #fadf7f\">\u00a0<\/td>\n<td style=\"width: 18.5033%;height: 28px;text-align: center;background-color: #fadf7f\">\u00a0<\/td>\n<td style=\"width: 14.1323%;height: 28px;text-align: center;background-color: #fadf7f\">\u00a0<\/td>\n<td style=\"width: 17.7776%;text-align: center;height: 28px;background-color: #fadf7f\">\u00a0<\/td>\n<\/tr>\n<tr style=\"height: 28px\">\n<td style=\"width: 16.4725%;height: 28px;text-align: center;background-color: #fadf7f\">SAINT MEDARD EN JALLES<\/td>\n<td style=\"width: 14.7779%;height: 28px;text-align: center;background-color: #fadf7f\">Montaigne<\/td>\n<td style=\"width: 5.10466%;height: 28px;text-align: center;background-color: #fadf7f\">E<\/td>\n<td style=\"width: 5.97626%;height: 28px;text-align: center;background-color: #fadf7f\">\u00a0<\/td>\n<td style=\"width: 18.5033%;height: 28px;text-align: center;background-color: #fadf7f\">\u00a0<\/td>\n<td style=\"width: 14.1323%;height: 28px;text-align: center;background-color: #fadf7f\">\u00a0<\/td>\n<td style=\"width: 17.7776%;text-align: center;height: 28px;background-color: #fadf7f\">\u00a0<\/td>\n<\/tr>\n<tr style=\"height: 28px;background-color: #fadf7f\">\n<td style=\"width: 16.4725%;height: 28px;text-align: center\">SAINT MEDARD EN JALLES<\/td>\n<td style=\"width: 14.7779%;height: 28px;text-align: center\">Villagexpo<\/td>\n<td style=\"width: 5.10466%;height: 28px;text-align: center\">M<\/td>\n<td style=\"width: 5.97626%;height: 28px;text-align: center\">\u00a0<\/td>\n<td style=\"width: 18.5033%;height: 28px\">\u00a0<\/td>\n<td style=\"width: 14.1323%;height: 28px\">\u00a0<\/td>\n<td style=\"width: 17.7776%;height: 28px\">\u00a0<\/td>\n<\/tr>\n<\/tbody>\n<\/table>\n<\/div>\n\n","protected":false},"excerpt":{"rendered":"<p>Dans ce tableau, vous pouvez lire pour chaque commune de la d\u00e9l\u00e9gation (Circonscription de l\u2019IEN), le nom des \u00e9coles, le nom du DDEN ou de la DDEN nomm\u00e9 (e). NB : La derni\u00e8re colonne mentionne si le DDEN est adh\u00e9rent de l\u2019UNION DDEN33.Adh.signifie qu\u2019il est adh\u00e9rent en 2024,&nbsp;Adh.&nbsp;indique qu\u2019il est adh\u00e9rent en 2025. Adh. pour &hellip; <a href=\"https:\/\/dden33.org\/saint-medard\/dden\/\" class=\"more-link\">Continuer la lecture de <span class=\"screen-reader-text\">DDEN<\/span> <span class=\"meta-nav\">&rarr;<\/span><\/a><\/p>\n","protected":false},"author":2,"featured_media":0,"parent":0,"menu_order":0,"comment_status":"closed","ping_status":"closed","template":"","meta":{"_bbp_topic_count":0,"_bbp_reply_count":0,"_bbp_total_topic_count":0,"_bbp_total_reply_count":0,"_bbp_voice_count":0,"_bbp_anonymous_reply_count":0,"_bbp_topic_count_hidden":0,"_bbp_reply_count_hidden":0,"_bbp_forum_subforum_count":0,"footnotes":""},"class_list":["post-144","page","type-page","status-publish","hentry"],"_links":{"self":[{"href":"https:\/\/dden33.org\/saint-medard\/wp-json\/wp\/v2\/pages\/144","targetHints":{"allow":["GET"]}}],"collection":[{"href":"https:\/\/dden33.org\/saint-medard\/wp-json\/wp\/v2\/pages"}],"about":[{"href":"https:\/\/dden33.org\/saint-medard\/wp-json\/wp\/v2\/types\/page"}],"author":[{"embeddable":true,"href":"https:\/\/dden33.org\/saint-medard\/wp-json\/wp\/v2\/users\/2"}],"replies":[{"embeddable":true,"href":"https:\/\/dden33.org\/saint-medard\/wp-json\/wp\/v2\/comments?post=144"}],"version-history":[{"count":28,"href":"https:\/\/dden33.org\/saint-medard\/wp-json\/wp\/v2\/pages\/144\/revisions"}],"predecessor-version":[{"id":319,"href":"https:\/\/dden33.org\/saint-medard\/wp-json\/wp\/v2\/pages\/144\/revisions\/319"}],"wp:attachment":[{"href":"https:\/\/dden33.org\/saint-medard\/wp-json\/wp\/v2\/media?parent=144"}],"curies":[{"name":"wp","href":"https:\/\/api.w.org\/{rel}","templated":true}]}}