{"id":100,"date":"2017-11-30T21:02:06","date_gmt":"2017-11-30T20:02:06","guid":{"rendered":"https:\/\/dden33.org\/sudmedoc\/?page_id=100"},"modified":"2026-04-10T20:27:37","modified_gmt":"2026-04-10T18:27:37","slug":"dden","status":"publish","type":"page","link":"https:\/\/dden33.org\/sudmedoc\/dden\/","title":{"rendered":"DDEN"},"content":{"rendered":"\n<p><strong>Dans ce tableau, vous pouvez lire pour chaque commune de la d\u00e9l\u00e9gation (Circonscription de l\u2019IEN), le nom des \u00e9coles, le nom du DDEN ou de la DDEN nomm\u00e9 (e).<\/strong><\/p>\n<p><em>NB : La derni\u00e8re colonne mentionne si le DDEN est adh\u00e9rent de l\u2019UNION DDEN33.<span style=\"color: #ff6600\">\u00a0<\/span><strong><span style=\"color: #ff6600\">Adh.<\/span>\u00a0<\/strong>signifie qu\u2019il est adh\u00e9rent en 2024,\u00a0<span style=\"color: #0000ff\"><strong>Adh.<\/strong><\/span>\u00a0indique qu\u2019il est adh\u00e9rent en 2025. Nous vous invitons \u00e0 adh\u00e9rer vous aussi \u00e0 l\u2019UNION 33. Remplir la fiche d\u2019adh\u00e9sion\u00a0<\/em><a href=\"https:\/\/dden33.org\/arcachon-nord\/wp-content\/uploads\/sites\/5\/2024\/12\/appel-Cotisation-2025.pdf\">en cliquant ICI.\u00a0 \u00a0 <\/a><\/p>\n<p><strong><span style=\"color: #0000ff\">Tableau mis \u00e0 jour le 10 avril 2026.<\/span><\/strong>\u00a0<\/p>\n\n\n<div>\n<table style=\"width: 127.212%;height: 1186px\">\n<tbody>\n<tr style=\"height: 28px;background-color: #0070f7\">\n<td style=\"width: 23.7754%;height: 28px;text-align: center\"><span style=\"color: #ffffff\"><strong>COMMUNE<\/strong><\/span><\/td>\n<td style=\"width: 13.2316%;height: 28px;text-align: center\"><span style=\"color: #ffffff\"><strong>NOM ECOLE<\/strong><\/span><\/td>\n<td style=\"width: 11.1135%;height: 28px;text-align: center\"><span style=\"color: #ffffff\"><strong>TYPE<\/strong><\/span><\/td>\n<td style=\"width: 8.73026%;height: 28px;text-align: center\"><span style=\"color: #ffffff\"><strong>Civilit\u00e9<\/strong><\/span><\/td>\n<td style=\"width: 14.4785%;height: 28px;text-align: center\"><span style=\"color: #ffffff\"><strong>NOM<\/strong><\/span><\/td>\n<td style=\"width: 12.6589%;height: 28px;text-align: center\"><span style=\"color: #ffffff\"><strong>PRENOM<\/strong><\/span><\/td>\n<td style=\"width: 22.5723%;text-align: center;height: 28px\"><span style=\"color: #ffffff\"><strong>ADHESION\u00a0<\/strong><\/span><\/td>\n<\/tr>\n<tr style=\"height: 28px;background-color: #fadf7f\">\n<td style=\"width: 23.7754%;height: 28px;text-align: center\">ARCINS<\/td>\n<td style=\"width: 13.2316%;height: 28px;text-align: center\">\u00a0<\/td>\n<td style=\"width: 11.1135%;height: 28px;text-align: center\">P<\/td>\n<td style=\"width: 8.73026%;height: 28px;text-align: center\">\u00a0<\/td>\n<td style=\"width: 14.4785%;height: 28px\">\u00a0<\/td>\n<td style=\"width: 12.6589%;height: 28px\">\u00a0<\/td>\n<td style=\"width: 22.5723%;text-align: center;height: 28px\">\u00a0<\/td>\n<\/tr>\n<tr style=\"background-color: #fadf7f\">\n<td style=\"width: 23.7754%;height: 28px;text-align: center\">ARSAC<\/td>\n<td style=\"width: 13.2316%;height: 28px;text-align: center\">Aline<\/td>\n<td style=\"width: 11.1135%;height: 28px;text-align: center\">M<\/td>\n<td style=\"width: 8.73026%;height: 28px;text-align: center\">\u00a0<\/td>\n<td style=\"width: 14.4785%;height: 28px\">\u00a0<\/td>\n<td style=\"width: 12.6589%;height: 28px\">\u00a0<\/td>\n<td style=\"width: 22.5723%;height: 28px\">\u00a0<\/td>\n<\/tr>\n<tr style=\"background-color: #fadf7f\">\n<td style=\"width: 23.7754%;height: 28px;text-align: center\">ARSAC<\/td>\n<td style=\"width: 13.2316%;height: 28px;text-align: center\">Aline<\/td>\n<td style=\"width: 11.1135%;height: 28px;text-align: center\">E<\/td>\n<td style=\"width: 8.73026%;height: 28px;text-align: center\">\u00a0<\/td>\n<td style=\"width: 14.4785%;height: 28px\">\u00a0<\/td>\n<td style=\"width: 12.6589%;height: 28px\">\u00a0<\/td>\n<td style=\"width: 22.5723%;height: 28px\">\u00a0<\/td>\n<\/tr>\n<tr style=\"background-color: #fadf7f\">\n<td style=\"width: 23.7754%;height: 28px;text-align: center\">AVENSAN<\/td>\n<td style=\"width: 13.2316%;height: 28px;text-align: center\">Calvo<\/td>\n<td style=\"width: 11.1135%;height: 28px;text-align: center\">M<\/td>\n<td style=\"width: 8.73026%;height: 28px;text-align: center\">\u00a0<\/td>\n<td style=\"width: 14.4785%;height: 28px\">\u00a0<\/td>\n<td style=\"width: 12.6589%;height: 28px\">\u00a0<\/td>\n<td style=\"width: 22.5723%;height: 28px\">\u00a0<\/td>\n<\/tr>\n<tr style=\"background-color: #fadf7f\">\n<td style=\"width: 23.7754%;height: 28px;text-align: center\">AVENSAN<\/td>\n<td style=\"width: 13.2316%;height: 28px;text-align: center\">Calvo<\/td>\n<td style=\"width: 11.1135%;height: 28px;text-align: center\">E<\/td>\n<td style=\"width: 8.73026%;height: 28px;text-align: center\">\u00a0<\/td>\n<td style=\"width: 14.4785%;height: 28px\">\u00a0<\/td>\n<td style=\"width: 12.6589%;height: 28px\">\u00a0<\/td>\n<td style=\"width: 22.5723%;height: 28px\">\u00a0<\/td>\n<\/tr>\n<tr style=\"height: 28px\">\n<td style=\"width: 23.7754%;height: 28px;text-align: center;background-color: #fadf7f\">BLANQUEFORT<\/td>\n<td style=\"width: 13.2316%;height: 28px;text-align: center;background-color: #fadf7f\">Bourg<\/td>\n<td style=\"width: 11.1135%;height: 28px;text-align: center;background-color: #fadf7f\">E<\/td>\n<td style=\"width: 8.73026%;height: 28px;text-align: center;background-color: #fadf7f\">\u00a0<\/td>\n<td style=\"width: 14.4785%;height: 28px;text-align: center;background-color: #fadf7f\">\u00a0<\/td>\n<td style=\"width: 12.6589%;height: 28px;text-align: center;background-color: #fadf7f\">\u00a0<\/td>\n<td style=\"width: 22.5723%;height: 28px;background-color: #fadf7f\">\u00a0<\/td>\n<\/tr>\n<tr style=\"background-color: #fadf7f\">\n<td style=\"width: 23.7754%;height: 28px;text-align: center\">BLANQUEFORT<\/td>\n<td style=\"width: 13.2316%;height: 28px;text-align: center\">Caychac<\/td>\n<td style=\"width: 11.1135%;height: 28px;text-align: center\">M<\/td>\n<td style=\"width: 8.73026%;height: 28px;text-align: center\">\u00a0<\/td>\n<td style=\"width: 14.4785%;height: 28px\">\u00a0<\/td>\n<td style=\"width: 12.6589%;height: 28px\">\u00a0<\/td>\n<td style=\"width: 22.5723%;height: 28px\">\u00a0<\/td>\n<\/tr>\n<tr style=\"background-color: #fadf7f\">\n<td style=\"width: 23.7754%;height: 28px;text-align: center\">BLANQUEFORT<\/td>\n<td style=\"width: 13.2316%;height: 28px;text-align: center\">Caychac<\/td>\n<td style=\"width: 11.1135%;height: 28px;text-align: center\">E<\/td>\n<td style=\"width: 8.73026%;height: 28px;text-align: center\">\u00a0<\/td>\n<td style=\"width: 14.4785%;height: 28px\">\u00a0<\/td>\n<td style=\"width: 12.6589%;height: 28px\">\u00a0<\/td>\n<td style=\"width: 22.5723%;height: 28px\">\u00a0<\/td>\n<\/tr>\n<tr style=\"height: 28px\">\n<td style=\"width: 23.7754%;height: 28px;text-align: center;background-color: #fadf7f\">BLANQUEFORT<\/td>\n<td style=\"width: 13.2316%;height: 28px;text-align: center;background-color: #fadf7f\">Curegan<\/td>\n<td style=\"width: 11.1135%;height: 28px;text-align: center;background-color: #fadf7f\">M<\/td>\n<td style=\"width: 8.73026%;height: 28px;text-align: center;background-color: #fadf7f\">\u00a0<\/td>\n<td style=\"width: 14.4785%;height: 28px;text-align: center;background-color: #fadf7f\">\u00a0<\/td>\n<td style=\"width: 12.6589%;height: 28px;text-align: center;background-color: #fadf7f\">\u00a0<\/td>\n<td style=\"width: 22.5723%;height: 28px;background-color: #fadf7f\">\u00a0<\/td>\n<\/tr>\n<tr style=\"background-color: #fadf7f\">\n<td style=\"width: 23.7754%;height: 28px;text-align: center\">BLANQUEFORT<\/td>\n<td style=\"width: 13.2316%;height: 28px;text-align: center\">Dulamon<\/td>\n<td style=\"width: 11.1135%;height: 28px;text-align: center\">M<\/td>\n<td style=\"width: 8.73026%;height: 28px;text-align: center\">\u00a0<\/td>\n<td style=\"width: 14.4785%;height: 28px\">\u00a0<\/td>\n<td style=\"width: 12.6589%;height: 28px\">\u00a0<\/td>\n<td style=\"width: 22.5723%;height: 28px\">\u00a0<\/td>\n<\/tr>\n<tr style=\"background-color: #fadf7f\">\n<td style=\"width: 23.7754%;height: 28px;text-align: center\">BLANQUEFORT<\/td>\n<td style=\"width: 13.2316%;height: 28px;text-align: center\">La Renney<\/td>\n<td style=\"width: 11.1135%;height: 28px;text-align: center\">E<\/td>\n<td style=\"width: 8.73026%;height: 28px;text-align: center\">\u00a0<\/td>\n<td style=\"width: 14.4785%;height: 28px\">\u00a0<\/td>\n<td style=\"width: 12.6589%;height: 28px\">\u00a0<\/td>\n<td style=\"width: 22.5723%;height: 28px\">\u00a0<\/td>\n<\/tr>\n<tr style=\"background-color: #fadf7f\">\n<td style=\"width: 23.7754%;height: 28px;text-align: center\">BLANQUEFORT<\/td>\n<td style=\"width: 13.2316%;height: 28px;text-align: center\">La Renney<\/td>\n<td style=\"width: 11.1135%;height: 28px;text-align: center\">M<\/td>\n<td style=\"width: 8.73026%;height: 28px;text-align: center\">\u00a0<\/td>\n<td style=\"width: 14.4785%;height: 28px\">\u00a0<\/td>\n<td style=\"width: 12.6589%;height: 28px\">\u00a0<\/td>\n<td style=\"width: 22.5723%;height: 28px\">\u00a0<\/td>\n<\/tr>\n<tr style=\"height: 28px\">\n<td style=\"width: 23.7754%;height: 28px;text-align: center\">BLANQUEFORT<\/td>\n<td style=\"width: 13.2316%;height: 28px;text-align: center\">Saturne<\/td>\n<td style=\"width: 11.1135%;height: 28px;text-align: center\">P<\/td>\n<td style=\"width: 8.73026%;height: 28px;text-align: center\"><strong>M.<\/strong><\/td>\n<td style=\"width: 14.4785%;height: 28px;text-align: center\"><strong>GRENOUILLET<\/strong><\/td>\n<td style=\"width: 12.6589%;height: 28px;text-align: center\"><strong>Marc<\/strong><\/td>\n<td style=\"width: 22.5723%;height: 28px\">\u00a0<\/td>\n<\/tr>\n<tr style=\"height: 28px;background-color: #fadf7f\">\n<td style=\"width: 23.7754%;height: 28px;text-align: center\">BRACH<\/td>\n<td style=\"width: 13.2316%;height: 28px;text-align: center\">\u00a0<\/td>\n<td style=\"width: 11.1135%;height: 28px;text-align: center\">P<\/td>\n<td style=\"width: 8.73026%;height: 28px;text-align: center\">\u00a0<\/td>\n<td style=\"width: 14.4785%;height: 28px\">\u00a0<\/td>\n<td style=\"width: 12.6589%;height: 28px\">\u00a0<\/td>\n<td style=\"width: 22.5723%;height: 28px\">\u00a0<\/td>\n<\/tr>\n<tr style=\"height: 28px\">\n<td style=\"width: 23.7754%;height: 28px;text-align: center\">CASTELNAU DE MEDOC<\/td>\n<td style=\"width: 13.2316%;height: 28px;text-align: center\">Charmille<\/td>\n<td style=\"width: 11.1135%;height: 28px;text-align: center\">M<\/td>\n<td style=\"width: 8.73026%;height: 28px;text-align: center\"><strong>Mme<\/strong><\/td>\n<td style=\"width: 14.4785%;height: 28px;text-align: center\"><strong>POILANE<\/strong><\/td>\n<td style=\"width: 12.6589%;height: 28px;text-align: center\"><strong>Anne<\/strong><\/td>\n<td style=\"width: 22.5723%;height: 28px\">\u00a0<\/td>\n<\/tr>\n<tr style=\"height: 28px\">\n<td style=\"width: 23.7754%;height: 28px;text-align: center\">CASTELNAU DE MEDOC<\/td>\n<td style=\"width: 13.2316%;height: 28px;text-align: center\">Jalle<\/td>\n<td style=\"width: 11.1135%;height: 28px;text-align: center\">E<\/td>\n<td style=\"width: 8.73026%;height: 28px;text-align: center\"><strong>Mme<\/strong><\/td>\n<td style=\"width: 14.4785%;height: 28px;text-align: center\"><strong>POILANE<\/strong><\/td>\n<td style=\"width: 12.6589%;height: 28px;text-align: center\"><strong>Anne<\/strong><\/td>\n<td style=\"width: 22.5723%;height: 28px\">\u00a0<\/td>\n<\/tr>\n<tr style=\"height: 41px\">\n<td style=\"width: 23.7754%;text-align: center;height: 41px\">CASTELNAU DE MEDOC<\/td>\n<td style=\"width: 13.2316%;text-align: center;height: 41px\">Thomas Pesquet<\/td>\n<td style=\"width: 11.1135%;text-align: center;height: 41px\">P<\/td>\n<td style=\"width: 8.73026%;text-align: center;height: 41px\"><strong>Mme<\/strong><\/td>\n<td style=\"width: 14.4785%;height: 41px;text-align: center\"><strong>POILANE<\/strong><\/td>\n<td style=\"width: 12.6589%;height: 41px;text-align: center\"><strong>Anne<\/strong><\/td>\n<td style=\"width: 22.5723%;height: 41px\">\u00a0<\/td>\n<\/tr>\n<tr style=\"height: 28px;background-color: #fadf7f\">\n<td style=\"width: 23.7754%;height: 28px;text-align: center\">LABARDE<\/td>\n<td style=\"width: 13.2316%;height: 28px;text-align: center\">\u00a0<\/td>\n<td style=\"width: 11.1135%;height: 28px;text-align: center\">E<\/td>\n<td style=\"width: 8.73026%;height: 28px;text-align: center\">\u00a0<\/td>\n<td style=\"width: 14.4785%;height: 28px\">\u00a0<\/td>\n<td style=\"width: 12.6589%;height: 28px\">\u00a0<\/td>\n<td style=\"width: 22.5723%;height: 28px\">\u00a0<\/td>\n<\/tr>\n<tr style=\"background-color: #fadf7f\">\n<td style=\"width: 23.7754%;height: 28px;text-align: center\">LACANAU<\/td>\n<td style=\"width: 13.2316%;height: 28px;text-align: center\">Guitard<\/td>\n<td style=\"width: 11.1135%;height: 28px;text-align: center\">P<\/td>\n<td style=\"width: 8.73026%;height: 28px;text-align: center\">\u00a0<\/td>\n<td style=\"width: 14.4785%;height: 28px\">\u00a0<\/td>\n<td style=\"width: 12.6589%;height: 28px\">\u00a0<\/td>\n<td style=\"width: 22.5723%;height: 28px\">\u00a0<\/td>\n<\/tr>\n<tr style=\"background-color: #fadf7f\">\n<td style=\"width: 23.7754%;height: 28px;text-align: center\">LACANAU<\/td>\n<td style=\"width: 13.2316%;height: 28px;text-align: center\">Ville<\/td>\n<td style=\"width: 11.1135%;height: 28px;text-align: center\">P<\/td>\n<td style=\"width: 8.73026%;height: 28px;text-align: center\">\u00a0<\/td>\n<td style=\"width: 14.4785%;height: 28px\">\u00a0<\/td>\n<td style=\"width: 12.6589%;height: 28px\">\u00a0<\/td>\n<td style=\"width: 22.5723%;height: 28px\">\u00a0<\/td>\n<\/tr>\n<tr style=\"background-color: #fadf7f\">\n<td style=\"width: 23.7754%;height: 28px;text-align: center\">LE PIAN<\/td>\n<td style=\"width: 13.2316%;height: 28px;text-align: center\">Bourg<\/td>\n<td style=\"width: 11.1135%;height: 28px;text-align: center\">E<\/td>\n<td style=\"width: 8.73026%;height: 28px;text-align: center\">\u00a0<\/td>\n<td style=\"width: 14.4785%;height: 28px\">\u00a0<\/td>\n<td style=\"width: 12.6589%;height: 28px\">\u00a0<\/td>\n<td style=\"width: 22.5723%;height: 28px\">\u00a0<\/td>\n<\/tr>\n<tr style=\"background-color: #fadf7f\">\n<td style=\"width: 23.7754%;height: 28px;text-align: center\">LE PIAN<\/td>\n<td style=\"width: 13.2316%;height: 28px;text-align: center\">Le Brugat<\/td>\n<td style=\"width: 11.1135%;height: 28px;text-align: center\">M<\/td>\n<td style=\"width: 8.73026%;height: 28px;text-align: center\">\u00a0<\/td>\n<td style=\"width: 14.4785%;height: 28px\">\u00a0<\/td>\n<td style=\"width: 12.6589%;height: 28px\">\u00a0<\/td>\n<td style=\"width: 22.5723%;height: 28px\">\u00a0<\/td>\n<\/tr>\n<tr style=\"background-color: #fadf7f\">\n<td style=\"width: 23.7754%;height: 28px;text-align: center\">LE PIAN<\/td>\n<td style=\"width: 13.2316%;height: 28px;text-align: center\">Les Airials<\/td>\n<td style=\"width: 11.1135%;height: 28px;text-align: center\">P<\/td>\n<td style=\"width: 8.73026%;height: 28px;text-align: center\">\u00a0<\/td>\n<td style=\"width: 14.4785%;height: 28px\">\u00a0<\/td>\n<td style=\"width: 12.6589%;height: 28px\">\u00a0<\/td>\n<td style=\"width: 22.5723%;height: 28px\">\u00a0<\/td>\n<\/tr>\n<tr style=\"background-color: #fadf7f\">\n<td style=\"width: 23.7754%;height: 28px;text-align: center\">LE TEMPLE<\/td>\n<td style=\"width: 13.2316%;height: 28px;text-align: center\">Lebade<\/td>\n<td style=\"width: 11.1135%;height: 28px;text-align: center\">P<\/td>\n<td style=\"width: 8.73026%;height: 28px;text-align: center\">\u00a0<\/td>\n<td style=\"width: 14.4785%;height: 28px\">\u00a0<\/td>\n<td style=\"width: 12.6589%;height: 28px\">\u00a0<\/td>\n<td style=\"width: 22.5723%;height: 28px\">\u00a0<\/td>\n<\/tr>\n<tr style=\"background-color: #fadf7f\">\n<td style=\"width: 23.7754%;height: 28px;text-align: center\">LISTRAC MEDOC<\/td>\n<td style=\"width: 13.2316%;height: 28px;text-align: center\">\u00a0<\/td>\n<td style=\"width: 11.1135%;height: 28px;text-align: center\">P<\/td>\n<td style=\"width: 8.73026%;height: 28px;text-align: center\">\u00a0<\/td>\n<td style=\"width: 14.4785%;height: 28px\">\u00a0<\/td>\n<td style=\"width: 12.6589%;height: 28px\">\u00a0<\/td>\n<td style=\"width: 22.5723%;height: 28px\">\u00a0<\/td>\n<\/tr>\n<tr style=\"background-color: #fadf7f\">\n<td style=\"width: 23.7754%;height: 28px;text-align: center\">LUDON MEDOC<\/td>\n<td style=\"width: 13.2316%;height: 28px;text-align: center\">Aubrac<\/td>\n<td style=\"width: 11.1135%;height: 28px;text-align: center\">M<\/td>\n<td style=\"width: 8.73026%;height: 28px;text-align: center\">\u00a0<\/td>\n<td style=\"width: 14.4785%;height: 28px\">\u00a0<\/td>\n<td style=\"width: 12.6589%;height: 28px\">\u00a0<\/td>\n<td style=\"width: 22.5723%;height: 28px\">\u00a0<\/td>\n<\/tr>\n<tr style=\"background-color: #fadf7f\">\n<td style=\"width: 23.7754%;height: 28px;text-align: center\">LUDON MEDOC<\/td>\n<td style=\"width: 13.2316%;height: 28px;text-align: center\">Veil<\/td>\n<td style=\"width: 11.1135%;height: 28px;text-align: center\">E<\/td>\n<td style=\"width: 8.73026%;height: 28px;text-align: center\">\u00a0<\/td>\n<td style=\"width: 14.4785%;height: 28px\">\u00a0<\/td>\n<td style=\"width: 12.6589%;height: 28px\">\u00a0<\/td>\n<td style=\"width: 22.5723%;height: 28px\">\u00a0<\/td>\n<\/tr>\n<tr style=\"background-color: #fadf7f\">\n<td style=\"width: 23.7754%;height: 28px;text-align: center\">MACAU<\/td>\n<td style=\"width: 13.2316%;height: 28px;text-align: center\">\u00a0<\/td>\n<td style=\"width: 11.1135%;height: 28px;text-align: center\">M<\/td>\n<td style=\"width: 8.73026%;height: 28px;text-align: center\">\u00a0<\/td>\n<td style=\"width: 14.4785%;height: 28px\">\u00a0<\/td>\n<td style=\"width: 12.6589%;height: 28px\">\u00a0<\/td>\n<td style=\"width: 22.5723%;height: 28px\">\u00a0<\/td>\n<\/tr>\n<tr style=\"background-color: #fadf7f\">\n<td style=\"width: 23.7754%;height: 28px;text-align: center\">MACAU<\/td>\n<td style=\"width: 13.2316%;height: 28px;text-align: center\">\u00a0<\/td>\n<td style=\"width: 11.1135%;height: 28px;text-align: center\">E<\/td>\n<td style=\"width: 8.73026%;height: 28px;text-align: center\">\u00a0<\/td>\n<td style=\"width: 14.4785%;height: 28px\">\u00a0<\/td>\n<td style=\"width: 12.6589%;height: 28px\">\u00a0<\/td>\n<td style=\"width: 22.5723%;height: 28px\">\u00a0<\/td>\n<\/tr>\n<tr style=\"background-color: #fadf7f\">\n<td style=\"width: 23.7754%;height: 28px;text-align: center\">MARGAUX-CANTENAC<\/td>\n<td style=\"width: 13.2316%;height: 28px;text-align: center\">\u00a0<\/td>\n<td style=\"width: 11.1135%;height: 28px;text-align: center\">M<\/td>\n<td style=\"width: 8.73026%;height: 28px;text-align: center\">\u00a0<\/td>\n<td style=\"width: 14.4785%;height: 28px\">\u00a0<\/td>\n<td style=\"width: 12.6589%;height: 28px\">\u00a0<\/td>\n<td style=\"width: 22.5723%;height: 28px\">\u00a0<\/td>\n<\/tr>\n<tr style=\"background-color: #fadf7f\">\n<td style=\"width: 23.7754%;height: 28px;text-align: center\">MARGAUX-CANTENAC<\/td>\n<td style=\"width: 13.2316%;height: 28px;text-align: center\">\u00a0<\/td>\n<td style=\"width: 11.1135%;height: 28px;text-align: center\">P<\/td>\n<td style=\"width: 8.73026%;height: 28px;text-align: center\">\u00a0<\/td>\n<td style=\"width: 14.4785%;height: 28px\">\u00a0<\/td>\n<td style=\"width: 12.6589%;height: 28px\">\u00a0<\/td>\n<td style=\"width: 22.5723%;height: 28px\">\u00a0<\/td>\n<\/tr>\n<tr style=\"background-color: #fadf7f\">\n<td style=\"width: 23.7754%;height: 28px;text-align: center\">MOULIS EN MEDOC<\/td>\n<td style=\"width: 13.2316%;height: 28px;text-align: center\">Picasso<\/td>\n<td style=\"width: 11.1135%;height: 28px;text-align: center\">E<\/td>\n<td style=\"width: 8.73026%;height: 28px;text-align: center\">\u00a0<\/td>\n<td style=\"width: 14.4785%;height: 28px\">\u00a0<\/td>\n<td style=\"width: 12.6589%;height: 28px\">\u00a0<\/td>\n<td style=\"width: 22.5723%;height: 28px\">\u00a0<\/td>\n<\/tr>\n<tr style=\"background-color: #fadf7f\">\n<td style=\"width: 23.7754%;height: 28px;text-align: center\">MOULIS EN MEDOC<\/td>\n<td style=\"width: 13.2316%;height: 28px;text-align: center\">\u00a0<\/td>\n<td style=\"width: 11.1135%;height: 28px;text-align: center\">M<\/td>\n<td style=\"width: 8.73026%;height: 28px;text-align: center\">\u00a0<\/td>\n<td style=\"width: 14.4785%;height: 28px\">\u00a0<\/td>\n<td style=\"width: 12.6589%;height: 28px\">\u00a0<\/td>\n<td style=\"width: 22.5723%;height: 28px\">\u00a0<\/td>\n<\/tr>\n<tr style=\"background-color: #fadf7f\">\n<td style=\"width: 23.7754%;height: 28px;text-align: center\">PAREMPUYRE<\/td>\n<td style=\"width: 13.2316%;height: 28px;text-align: center\">Bres<\/td>\n<td style=\"width: 11.1135%;height: 28px;text-align: center\">P<\/td>\n<td style=\"width: 8.73026%;height: 28px;text-align: center\">\u00a0<\/td>\n<td style=\"width: 14.4785%;height: 28px\">\u00a0<\/td>\n<td style=\"width: 12.6589%;height: 28px\">\u00a0<\/td>\n<td style=\"width: 22.5723%;height: 28px\">\u00a0<\/td>\n<\/tr>\n<tr style=\"background-color: #fadf7f\">\n<td style=\"width: 23.7754%;text-align: center;height: 41px\">PAREMPUYRE<\/td>\n<td style=\"width: 13.2316%;text-align: center;height: 41px\">Jaur\u00e8s<\/td>\n<td style=\"width: 11.1135%;text-align: center;height: 41px\">M<\/td>\n<td style=\"width: 8.73026%;text-align: center;height: 41px\">\u00a0<\/td>\n<td style=\"width: 14.4785%;height: 41px\">\u00a0<\/td>\n<td style=\"width: 12.6589%;height: 41px\">\u00a0<\/td>\n<td style=\"width: 22.5723%;height: 41px\">\u00a0<\/td>\n<\/tr>\n<tr style=\"background-color: #fadf7f\">\n<td style=\"width: 23.7754%;text-align: center;height: 41px\">PAREMPUYRE<\/td>\n<td style=\"width: 13.2316%;text-align: center;height: 41px\">Jaur\u00e8s<\/td>\n<td style=\"width: 11.1135%;text-align: center;height: 41px\">E<\/td>\n<td style=\"width: 8.73026%;text-align: center;height: 41px\">\u00a0<\/td>\n<td style=\"width: 14.4785%;height: 41px\">\u00a0<\/td>\n<td style=\"width: 12.6589%;height: 41px\">\u00a0<\/td>\n<td style=\"width: 22.5723%;height: 41px\">\u00a0<\/td>\n<\/tr>\n<tr style=\"background-color: #fadf7f\">\n<td style=\"width: 23.7754%;text-align: center;height: 27px\">PAREMPUYRE<\/td>\n<td style=\"width: 13.2316%;text-align: center;height: 27px\">Lib\u00e9ration<\/td>\n<td style=\"width: 11.1135%;text-align: center;height: 27px\">M<\/td>\n<td style=\"width: 8.73026%;text-align: center;height: 27px\">\u00a0<\/td>\n<td style=\"width: 14.4785%;height: 27px\">\u00a0<\/td>\n<td style=\"width: 12.6589%;height: 27px\">\u00a0<\/td>\n<td style=\"width: 22.5723%;height: 27px\">\u00a0<\/td>\n<\/tr>\n<tr style=\"background-color: #fadf7f\">\n<td style=\"width: 23.7754%;height: 28px;text-align: center\">PAREMPUYRE<\/td>\n<td style=\"width: 13.2316%;height: 28px;text-align: center\">Lib\u00e9ration<\/td>\n<td style=\"width: 11.1135%;height: 28px;text-align: center\">E<\/td>\n<td style=\"width: 8.73026%;height: 28px;text-align: center\">\u00a0<\/td>\n<td style=\"width: 14.4785%;height: 28px\">\u00a0<\/td>\n<td style=\"width: 12.6589%;height: 28px\">\u00a0<\/td>\n<td style=\"width: 22.5723%;height: 28px\">\u00a0<\/td>\n<\/tr>\n<tr style=\"height: 28px;background-color: #fadf7f\">\n<td style=\"width: 23.7754%;height: 28px;text-align: center\">SAINTE HELENE<\/td>\n<td style=\"width: 13.2316%;height: 28px;text-align: center\">\u00a0<\/td>\n<td style=\"width: 11.1135%;height: 28px;text-align: center\">P<\/td>\n<td style=\"width: 8.73026%;height: 28px;text-align: center\">\u00a0<\/td>\n<td style=\"width: 14.4785%;height: 28px\">\u00a0<\/td>\n<td style=\"width: 12.6589%;height: 28px\">\u00a0<\/td>\n<td style=\"width: 22.5723%;height: 28px\">\u00a0<\/td>\n<\/tr>\n<tr style=\"height: 28px;background-color: #fadf7f\">\n<td style=\"width: 23.7754%;height: 28px;text-align: center\">SOUSSANS<\/td>\n<td style=\"width: 13.2316%;height: 28px;text-align: center\">\u00a0<\/td>\n<td style=\"width: 11.1135%;height: 28px;text-align: center\">P<\/td>\n<td style=\"width: 8.73026%;height: 28px;text-align: center\">\u00a0<\/td>\n<td style=\"width: 14.4785%;height: 28px\">\u00a0<\/td>\n<td style=\"width: 12.6589%;height: 28px\">\u00a0<\/td>\n<td style=\"width: 22.5723%;height: 28px\">\u00a0<\/td>\n<\/tr>\n<\/tbody>\n<\/table>\n<\/div>","protected":false},"excerpt":{"rendered":"<p>Dans ce tableau, vous pouvez lire pour chaque commune de la d\u00e9l\u00e9gation (Circonscription de l\u2019IEN), le nom des \u00e9coles, le nom du DDEN ou de la DDEN nomm\u00e9 (e). NB : La derni\u00e8re colonne mentionne si le DDEN est adh\u00e9rent de l\u2019UNION DDEN33.\u00a0Adh.\u00a0signifie qu\u2019il est adh\u00e9rent en 2024,\u00a0Adh.\u00a0indique qu\u2019il est adh\u00e9rent en 2025. Nous vous &hellip; <a href=\"https:\/\/dden33.org\/sudmedoc\/dden\/\" class=\"more-link\">Continuer la lecture de <span class=\"screen-reader-text\">DDEN<\/span> <span class=\"meta-nav\">&rarr;<\/span><\/a><\/p>\n","protected":false},"author":2,"featured_media":0,"parent":0,"menu_order":0,"comment_status":"closed","ping_status":"closed","template":"","meta":{"_bbp_topic_count":0,"_bbp_reply_count":0,"_bbp_total_topic_count":0,"_bbp_total_reply_count":0,"_bbp_voice_count":0,"_bbp_anonymous_reply_count":0,"_bbp_topic_count_hidden":0,"_bbp_reply_count_hidden":0,"_bbp_forum_subforum_count":0,"footnotes":""},"class_list":["post-100","page","type-page","status-publish","hentry"],"_links":{"self":[{"href":"https:\/\/dden33.org\/sudmedoc\/wp-json\/wp\/v2\/pages\/100","targetHints":{"allow":["GET"]}}],"collection":[{"href":"https:\/\/dden33.org\/sudmedoc\/wp-json\/wp\/v2\/pages"}],"about":[{"href":"https:\/\/dden33.org\/sudmedoc\/wp-json\/wp\/v2\/types\/page"}],"author":[{"embeddable":true,"href":"https:\/\/dden33.org\/sudmedoc\/wp-json\/wp\/v2\/users\/2"}],"replies":[{"embeddable":true,"href":"https:\/\/dden33.org\/sudmedoc\/wp-json\/wp\/v2\/comments?post=100"}],"version-history":[{"count":14,"href":"https:\/\/dden33.org\/sudmedoc\/wp-json\/wp\/v2\/pages\/100\/revisions"}],"predecessor-version":[{"id":132,"href":"https:\/\/dden33.org\/sudmedoc\/wp-json\/wp\/v2\/pages\/100\/revisions\/132"}],"wp:attachment":[{"href":"https:\/\/dden33.org\/sudmedoc\/wp-json\/wp\/v2\/media?parent=100"}],"curies":[{"name":"wp","href":"https:\/\/api.w.org\/{rel}","templated":true}]}}